{"id":22626,"date":"2024-09-30T17:01:46","date_gmt":"2024-09-30T16:01:46","guid":{"rendered":"https:\/\/gtdcarparts.com\/?page_id=22626"},"modified":"2025-09-22T20:04:04","modified_gmt":"2025-09-22T19:04:04","slug":"onde-comprar","status":"publish","type":"page","link":"https:\/\/gtdcarparts.com\/fr\/onde-comprar\/","title":{"rendered":"Onde Comprar?"},"content":{"rendered":"<div data-elementor-type=\"wp-page\" data-elementor-id=\"22626\" class=\"elementor elementor-22626\" data-elementor-post-type=\"page\">\n\t\t\t\t<div class=\"elementor-element elementor-element-409ae71 e-flex e-con-boxed e-con e-parent\" data-id=\"409ae71\" data-element_type=\"container\" data-settings=\"{&quot;background_background&quot;:&quot;classic&quot;,&quot;container_type&quot;:&quot;flex&quot;,&quot;content_width&quot;:&quot;boxed&quot;}\" data-core-v316-plus=\"true\">\n\t\t\t\t\t<div class=\"e-con-inner\">\n\t\t\t\t<div class=\"elementor-element elementor-element-92a15b9 elementor-widget elementor-widget-heading\" data-id=\"92a15b9\" data-element_type=\"widget\" data-widget_type=\"heading.default\">\n\t\t\t\t<div class=\"elementor-widget-container\">\n\t\t\t<h2 class=\"elementor-heading-title elementor-size-default\">Onde comprar<\/h2>\t\t<\/div>\n\t\t\t\t<\/div>\n\t\t\t\t<div class=\"elementor-element elementor-element-5224d47d elementor-widget elementor-widget-html\" data-id=\"5224d47d\" data-element_type=\"widget\" data-widget_type=\"html.default\">\n\t\t\t\t<div class=\"elementor-widget-container\">\n\t\t\t<!DOCTYPE html>\r\n<html lang=\"en\">\r\n<head>\r\n  <meta charset=\"UTF-8\">\r\n  <meta name=\"viewport\" content=\"width=device-width, initial-scale=1.0\">\r\n  <title>Distribuidores<\/title>\r\n  <style>\r\n  .button-container button:hover {\r\n    background-color: #A11D19;\r\n  }\r\n\r\n  .gallery-container {\r\n    display: flex;\r\n    flex-wrap: wrap;  \/* permite quebrar linha *\/\r\n    gap: 20px;\r\n    margin-top: 20px;\r\n  }\r\n\r\n  .card:hover {\r\n    box-shadow: 0 4px 8px rgba(0, 0, 0, 0.2);\r\n  }\r\n\r\n  .card .location {\r\n    display: flex;\r\n    align-items: center;\r\n    margin-bottom: 15px;\r\n  }\r\n\r\n  .card .location svg {\r\n    width: 16px;\r\n    height: 16px;\r\n    margin-right: 8px;\r\n    color: #A11D19;\r\n  }\r\n\r\n  .card h5 {\r\n    margin: 0;\r\n    font-size: 1em;\r\n    color: #A11D19;\r\n  }\r\n\r\n  .card h3 {\r\n    font-size: 1.33em;\r\n    margin: 10px 0;\r\n    color: #333;\r\n  }\r\n\r\n  .card p {\r\n    font-size: 0.9em;\r\n    color: #777;\r\n  }\r\n\r\n  .card button {\r\n    background-color: white;\r\n    color: #A11D19;\r\n    border-color: #A11D19;\r\n    padding: 8px 20px;\r\n    font-size: 16px;\r\n    cursor: pointer;\r\n    border-radius: 12px;\r\n    transition: background-color 0.3s ease;\r\n    margin-top: 10px;\r\n  }\r\n\r\n  .card button:hover {\r\n    background-color: #A11D19;\r\n    color: #f9f9f9;\r\n  }\r\n\r\n  .card {\r\n    flex: 1 1 calc(33.33% - 20px); \/* padr\u00e3o: 3 por linha *\/\r\n    max-width: calc(33.33% - 20px);\r\n    background-color: #f9f9f9;\r\n    border: 1px solid #ddd;\r\n    border-radius: 8px;\r\n    padding: 20px;\r\n    text-align: left;\r\n    transition: box-shadow 0.3s ease;\r\n  }\r\n\r\n  \/* garante que os dois \u00faltimos ocupem 50% cada no desktop *\/\r\n  .card:nth-last-child(-n+2) {\r\n    flex: 1 1 calc(50% - 20px);\r\n    max-width: calc(50% - 20px);\r\n  }\r\n\r\n  \/* Mobile: todos ocupam 100% *\/\r\n  @media (max-width: 768px) {\r\n    .card,\r\n    .card:nth-last-child(-n+2) {\r\n      flex: 1 1 100%;\r\n      max-width: 100%;\r\n    }\r\n  }\r\n<\/style>\r\n  <\/style>\r\n<\/head>\r\n<body>\r\n\r\n    <div class=\"gallery-container\">\r\n        <!-- Card 1 -->\r\n        <div class=\"card\">\r\n            <div class=\"location\">\r\n                <svg xmlns=\"http:\/\/www.w3.org\/2000\/svg\" width=\"16\" height=\"16\" fill=\"currentColor\" class=\"bi bi-geo-alt-fill\" viewbox=\"0 0 16 16\">\r\n                    <path d=\"M8 16s6-5.686 6-10A6 6 0 0 0 2 6c0 4.314 6 10 6 10m0-7a3 3 0 1 1 0-6 3 3 0 0 1 0 6\"\/>\r\n                <\/svg>\r\n                <h5>Portugal<\/h5>\r\n            <\/div>\r\n            <h3>BLED<\/h3>\r\n            <p>Rua dos Moinhos 525 <\/br>4755-604, Gamil <\/br>Barcelos <\/br><\/p>\r\n            <div class=\"location\">\r\n                <svg xmlns=\"http:\/\/www.w3.org\/2000\/svg\" width=\"16\" height=\"16\" fill=\"currentColor\" class=\"bi bi-telephone-fill\" viewbox=\"0 0 16 16\">\r\n                  <path fill-rule=\"evenodd\" d=\"M1.885.511a1.745 1.745 0 0 1 2.61.163L6.29 2.98c.329.423.445.974.315 1.494l-.547 2.19a.68.68 0 0 0 .178.643l2.457 2.457a.68.68 0 0 0 .644.178l2.189-.547a1.75 1.75 0 0 1 1.494.315l2.306 1.794c.829.645.905 1.87.163 2.611l-1.034 1.034c-.74.74-1.846 1.065-2.877.702a18.6 18.6 0 0 1-7.01-4.42 18.6 18.6 0 0 1-4.42-7.009c-.362-1.03-.037-2.137.703-2.877z\"\/>\r\n                <\/svg>\r\n                <a>+351 910 222 687<\/a>\r\n            <\/div>\r\n            <div class=\"location\">\r\n                <svg xmlns=\"http:\/\/www.w3.org\/2000\/svg\" width=\"16\" height=\"16\" fill=\"currentColor\" class=\"bi bi-envelope-fill\" viewbox=\"0 0 16 16\">\r\n                  <path d=\"M.05 3.555A2 2 0 0 1 2 2h12a2 2 0 0 1 1.95 1.555L8 8.414zM0 4.697v7.104l5.803-3.558zM6.761 8.83l-6.57 4.027A2 2 0 0 0 2 14h12a2 2 0 0 0 1.808-1.144l-6.57-4.027L8 9.586zm3.436-.586L16 11.801V4.697z\"\/>\r\n                <\/svg>\r\n                <a href=\"mailto:geral@bled.pt\">geral@bled.pt<\/a>\r\n            <\/div>\r\n            \r\n            <div class=\"location\">\r\n                <svg xmlns=\"http:\/\/www.w3.org\/2000\/svg\" width=\"16\" height=\"16\" fill=\"currentColor\" class=\"bi bi-browser-chrome\" viewbox=\"0 0 16 16\">\r\n                  <path fill-rule=\"evenodd\" d=\"M16 8a8 8 0 0 1-7.022 7.94l1.902-7.098a3 3 0 0 0 .05-1.492A3 3 0 0 0 10.237 6h5.511A8 8 0 0 1 16 8M0 8a8 8 0 0 0 7.927 8l1.426-5.321a3 3 0 0 1-.723.255 3 3 0 0 1-1.743-.147 3 3 0 0 1-1.043-.7L.633 4.876A8 8 0 0 0 0 8m5.004-.167L1.108 3.936A8.003 8.003 0 0 1 15.418 5H8.066a3 3 0 0 0-1.252.243 2.99 2.99 0 0 0-1.81 2.59M8 10a2 2 0 1 0 0-4 2 2 0 0 0 0 4\"\/>\r\n                <\/svg>\r\n                <a href=\"https:\/\/bled.pt\" target=\"_blank\">www.bled.pt<\/a>\r\n            <\/div>\r\n            \r\n            \r\n        <\/div>\r\n\r\n        <!-- Card 2 -->\r\n        <div class=\"card\">\r\n            <div class=\"location\">\r\n                <svg xmlns=\"http:\/\/www.w3.org\/2000\/svg\" width=\"16\" height=\"16\" fill=\"currentColor\" class=\"bi bi-geo-alt-fill\" viewbox=\"0 0 16 16\">\r\n                    <path d=\"M8 16s6-5.686 6-10A6 6 0 0 0 2 6c0 4.314 6 10 6 10m0-7a3 3 0 1 1 0-6 3 3 0 0 1 0 6\"\/>\r\n                <\/svg>\r\n                <h5>Su\u00ed\u00e7a<\/h5>\r\n            <\/div>\r\n            <h3>Bruno Car Care<\/h3>\r\n            <p>Avenue Alexandre Vinet 33<\/br>1004, Lausanne <\/br>Su\u00ed\u00e7a<\/p>\r\n            <div class=\"location\">\r\n                <svg xmlns=\"http:\/\/www.w3.org\/2000\/svg\" width=\"16\" height=\"16\" fill=\"currentColor\" class=\"bi bi-telephone-fill\" viewbox=\"0 0 16 16\">\r\n                    <path fill-rule=\"evenodd\" d=\"M1.885.511a1.745 1.745 0 0 1 2.61.163L6.29 2.98c.329.423.445.974.315 1.494l-.547 2.19a.68.68 0 0 0 .178.643l2.457 2.457a.68.68 0 0 0 .644.178l2.189-.547a1.75 1.75 0 0 1 1.494.315l2.306 1.794c.829.645.905 1.87.163 2.611l-1.034 1.034c-.74.74-1.846 1.065-2.877.702a18.6 18.6 0 0 1-7.01-4.42 18.6 18.6 0 0 1-4.42-7.009c-.362-1.03-.037-2.137.703-2.877z\"\/>\r\n                <\/svg>\r\n                <a>+41 79 5800282<\/a>\r\n            <\/div>\r\n            <div class=\"location\">\r\n                <svg xmlns=\"http:\/\/www.w3.org\/2000\/svg\" width=\"16\" height=\"16\" fill=\"currentColor\" class=\"bi bi-envelope-fill\" viewbox=\"0 0 16 16\">\r\n                  <path d=\"M.05 3.555A2 2 0 0 1 2 2h12a2 2 0 0 1 1.95 1.555L8 8.414zM0 4.697v7.104l5.803-3.558zM6.761 8.83l-6.57 4.027A2 2 0 0 0 2 14h12a2 2 0 0 0 1.808-1.144l-6.57-4.027L8 9.586zm3.436-.586L16 11.801V4.697z\"\/>\r\n                <\/svg>\r\n                <a href=\"mailto:contact@brunocarcare.com\">contact@brunocarcare.com<\/a>\r\n            <\/div>\r\n            <div class=\"location\">\r\n                <svg xmlns=\"http:\/\/www.w3.org\/2000\/svg\" width=\"16\" height=\"16\" fill=\"currentColor\" class=\"bi bi-browser-chrome\" viewbox=\"0 0 16 16\">\r\n  <path fill-rule=\"evenodd\" d=\"M16 8a8 8 0 0 1-7.022 7.94l1.902-7.098a3 3 0 0 0 .05-1.492A3 3 0 0 0 10.237 6h5.511A8 8 0 0 1 16 8M0 8a8 8 0 0 0 7.927 8l1.426-5.321a3 3 0 0 1-.723.255 3 3 0 0 1-1.743-.147 3 3 0 0 1-1.043-.7L.633 4.876A8 8 0 0 0 0 8m5.004-.167L1.108 3.936A8.003 8.003 0 0 1 15.418 5H8.066a3 3 0 0 0-1.252.243 2.99 2.99 0 0 0-1.81 2.59M8 10a2 2 0 1 0 0-4 2 2 0 0 0 0 4\"\/>\r\n<\/svg>\r\n                <a href=\"https:\/\/www.brunocarcare.com\/accueil\" '_blank'>www.brunocarcare.com<\/a>\r\n            <\/div>\r\n            \r\n        <\/div>\r\n        \r\n        <!-- Card 3 -->\r\n        <div class=\"card\">\r\n            <div class=\"location\">\r\n                <svg xmlns=\"http:\/\/www.w3.org\/2000\/svg\" width=\"16\" height=\"16\" fill=\"currentColor\" class=\"bi bi-geo-alt-fill\" viewbox=\"0 0 16 16\">\r\n                    <path d=\"M8 16s6-5.686 6-10A6 6 0 0 0 2 6c0 4.314 6 10 6 10m0-7a3 3 0 1 1 0-6 3 3 0 0 1 0 6\"\/>\r\n                <\/svg>\r\n                <h5>Portugal<\/h5>\r\n            <\/div>\r\n            <h3>Conde & Lemos Lda<\/h3>\r\n            <p>Rua Pinto Bessa 254 <\/br>4300-427, Campanh\u00e3\r\n <\/br>Porto <\/br><\/p>\r\n            <div class=\"location\">\r\n                <svg xmlns=\"http:\/\/www.w3.org\/2000\/svg\" width=\"16\" height=\"16\" fill=\"currentColor\" class=\"bi bi-telephone-fill\" viewbox=\"0 0 16 16\">\r\n  <path fill-rule=\"evenodd\" d=\"M1.885.511a1.745 1.745 0 0 1 2.61.163L6.29 2.98c.329.423.445.974.315 1.494l-.547 2.19a.68.68 0 0 0 .178.643l2.457 2.457a.68.68 0 0 0 .644.178l2.189-.547a1.75 1.75 0 0 1 1.494.315l2.306 1.794c.829.645.905 1.87.163 2.611l-1.034 1.034c-.74.74-1.846 1.065-2.877.702a18.6 18.6 0 0 1-7.01-4.42 18.6 18.6 0 0 1-4.42-7.009c-.362-1.03-.037-2.137.703-2.877z\"\/>\r\n<\/svg>\r\n                <a>+351 22\u00a0510\u00a02834<\/a>\r\n            <\/div>\r\n            <div class=\"location\">\r\n                <svg xmlns=\"http:\/\/www.w3.org\/2000\/svg\" width=\"16\" height=\"16\" fill=\"currentColor\" class=\"bi bi-envelope-fill\" viewbox=\"0 0 16 16\">\r\n                  <path d=\"M.05 3.555A2 2 0 0 1 2 2h12a2 2 0 0 1 1.95 1.555L8 8.414zM0 4.697v7.104l5.803-3.558zM6.761 8.83l-6.57 4.027A2 2 0 0 0 2 14h12a2 2 0 0 0 1.808-1.144l-6.57-4.027L8 9.586zm3.436-.586L16 11.801V4.697z\"\/>\r\n                <\/svg>\r\n                <a href=\"mailto:alpoimlemos@gmail.com\">alpoimlemos@gmail.com<\/a>\r\n            <\/div>\r\n            \r\n        <\/div>\r\n        \r\n        <!-- Card 4 -->\r\n        <div class=\"card\">\r\n            <div class=\"location\">\r\n                <svg xmlns=\"http:\/\/www.w3.org\/2000\/svg\" width=\"16\" height=\"16\" fill=\"currentColor\" class=\"bi bi-geo-alt-fill\" viewbox=\"0 0 16 16\">\r\n                    <path d=\"M8 16s6-5.686 6-10A6 6 0 0 0 2 6c0 4.314 6 10 6 10m0-7a3 3 0 1 1 0-6 3 3 0 0 1 0 6\"\/>\r\n                <\/svg>\r\n                <h5>Portugal<\/h5>\r\n            <\/div>\r\n            <h3>MM Auto<\/h3>\r\n            <p>Rua do Berredo N\u00ba6<\/br>4830-303, Geraz do Minho <\/br>Braga <\/br><\/p>\r\n            <div class=\"location\">\r\n                <svg xmlns=\"http:\/\/www.w3.org\/2000\/svg\" width=\"16\" height=\"16\" fill=\"currentColor\" class=\"bi bi-telephone-fill\" viewbox=\"0 0 16 16\">\r\n                  <path fill-rule=\"evenodd\" d=\"M1.885.511a1.745 1.745 0 0 1 2.61.163L6.29 2.98c.329.423.445.974.315 1.494l-.547 2.19a.68.68 0 0 0 .178.643l2.457 2.457a.68.68 0 0 0 .644.178l2.189-.547a1.75 1.75 0 0 1 1.494.315l2.306 1.794c.829.645.905 1.87.163 2.611l-1.034 1.034c-.74.74-1.846 1.065-2.877.702a18.6 18.6 0 0 1-7.01-4.42 18.6 18.6 0 0 1-4.42-7.009c-.362-1.03-.037-2.137.703-2.877z\"\/>\r\n                <\/svg>\r\n                <a>+351 911 184 220<\/a>\r\n            <\/div>\r\n            <div class=\"location\">\r\n                <svg xmlns=\"http:\/\/www.w3.org\/2000\/svg\" width=\"16\" height=\"16\" fill=\"currentColor\" class=\"bi bi-envelope-fill\" viewbox=\"0 0 16 16\">\r\n                  <path d=\"M.05 3.555A2 2 0 0 1 2 2h12a2 2 0 0 1 1.95 1.555L8 8.414zM0 4.697v7.104l5.803-3.558zM6.761 8.83l-6.57 4.027A2 2 0 0 0 2 14h12a2 2 0 0 0 1.808-1.144l-6.57-4.027L8 9.586zm3.436-.586L16 11.801V4.697z\"\/>\r\n                <\/svg>\r\n                <a href=\"mailto:geral@mmauto.pt\">geral@mmauto.pt<\/a>\r\n            <\/div>\r\n            \r\n            <div class=\"location\">\r\n                <svg xmlns=\"http:\/\/www.w3.org\/2000\/svg\" width=\"16\" height=\"16\" fill=\"currentColor\" class=\"bi bi-browser-chrome\" viewbox=\"0 0 16 16\">\r\n                  <path fill-rule=\"evenodd\" d=\"M16 8a8 8 0 0 1-7.022 7.94l1.902-7.098a3 3 0 0 0 .05-1.492A3 3 0 0 0 10.237 6h5.511A8 8 0 0 1 16 8M0 8a8 8 0 0 0 7.927 8l1.426-5.321a3 3 0 0 1-.723.255 3 3 0 0 1-1.743-.147 3 3 0 0 1-1.043-.7L.633 4.876A8 8 0 0 0 0 8m5.004-.167L1.108 3.936A8.003 8.003 0 0 1 15.418 5H8.066a3 3 0 0 0-1.252.243 2.99 2.99 0 0 0-1.81 2.59M8 10a2 2 0 1 0 0-4 2 2 0 0 0 0 4\"\/>\r\n                <\/svg>\r\n                <a href=\"\/fr\/www.mmauto.pt\/\" target=\"_blank\">www.mmauto.pt<\/a>\r\n            <\/div>\r\n            \r\n            \r\n        <\/div>\r\n        \r\n        <!-- Card 5 -->\r\n        <div class=\"card\">\r\n            <div class=\"location\">\r\n                <svg xmlns=\"http:\/\/www.w3.org\/2000\/svg\" width=\"16\" height=\"16\" fill=\"currentColor\" class=\"bi bi-geo-alt-fill\" viewbox=\"0 0 16 16\">\r\n                    <path d=\"M8 16s6-5.686 6-10A6 6 0 0 0 2 6c0 4.314 6 10 6 10m0-7a3 3 0 1 1 0-6 3 3 0 0 1 0 6\"\/>\r\n                <\/svg>\r\n                <h5>Portugal<\/h5>\r\n            <\/div>\r\n            <h3>Benzolutions<\/h3>\r\n            <p>Rua Joaquim Ferreira dos Santos, 64<\/br>4415-939, Seixezelo <\/br>Vila Nova de Gaia <\/br><\/p>\r\n            <div class=\"location\">\r\n                <svg xmlns=\"http:\/\/www.w3.org\/2000\/svg\" width=\"16\" height=\"16\" fill=\"currentColor\" class=\"bi bi-telephone-fill\" viewbox=\"0 0 16 16\">\r\n                  <path fill-rule=\"evenodd\" d=\"M1.885.511a1.745 1.745 0 0 1 2.61.163L6.29 2.98c.329.423.445.974.315 1.494l-.547 2.19a.68.68 0 0 0 .178.643l2.457 2.457a.68.68 0 0 0 .644.178l2.189-.547a1.75 1.75 0 0 1 1.494.315l2.306 1.794c.829.645.905 1.87.163 2.611l-1.034 1.034c-.74.74-1.846 1.065-2.877.702a18.6 18.6 0 0 1-7.01-4.42 18.6 18.6 0 0 1-4.42-7.009c-.362-1.03-.037-2.137.703-2.877z\"\/>\r\n                <\/svg>\r\n                <a>+351 918 796 098<\/a>\r\n            <\/div>\r\n            <div class=\"location\">\r\n                <svg xmlns=\"http:\/\/www.w3.org\/2000\/svg\" width=\"16\" height=\"16\" fill=\"currentColor\" class=\"bi bi-envelope-fill\" viewbox=\"0 0 16 16\">\r\n                  <path d=\"M.05 3.555A2 2 0 0 1 2 2h12a2 2 0 0 1 1.95 1.555L8 8.414zM0 4.697v7.104l5.803-3.558zM6.761 8.83l-6.57 4.027A2 2 0 0 0 2 14h12a2 2 0 0 0 1.808-1.144l-6.57-4.027L8 9.586zm3.436-.586L16 11.801V4.697z\"\/>\r\n                <\/svg>\r\n                <a href=\"mailto:geral@benzsolutions.com\">geral@benzsolutions.com<\/a>\r\n            <\/div>\r\n            \r\n            <div class=\"location\">\r\n                <svg xmlns=\"http:\/\/www.w3.org\/2000\/svg\" width=\"16\" height=\"16\" fill=\"currentColor\" class=\"bi bi-browser-chrome\" viewbox=\"0 0 16 16\">\r\n                  <path fill-rule=\"evenodd\" d=\"M16 8a8 8 0 0 1-7.022 7.94l1.902-7.098a3 3 0 0 0 .05-1.492A3 3 0 0 0 10.237 6h5.511A8 8 0 0 1 16 8M0 8a8 8 0 0 0 7.927 8l1.426-5.321a3 3 0 0 1-.723.255 3 3 0 0 1-1.743-.147 3 3 0 0 1-1.043-.7L.633 4.876A8 8 0 0 0 0 8m5.004-.167L1.108 3.936A8.003 8.003 0 0 1 15.418 5H8.066a3 3 0 0 0-1.252.243 2.99 2.99 0 0 0-1.81 2.59M8 10a2 2 0 1 0 0-4 2 2 0 0 0 0 4\"\/>\r\n                <\/svg>\r\n                <a href=\"https:\/\/benzolutions.com\/\" target=\"_blank\">www.benzolutions.com<\/a>\r\n            <\/div>\r\n            \r\n            \r\n        <\/div>\r\n    <\/div>\r\n    \r\n    \r\n    \r\n\r\n<\/body>\r\n<\/html>\r\n\t\t<\/div>\n\t\t\t\t<\/div>\n\t\t\t\t\t<\/div>\n\t\t\t\t<\/div>\n\t\t<div class=\"elementor-element elementor-element-618e8a5 e-con-full e-flex e-con e-parent\" data-id=\"618e8a5\" data-element_type=\"container\" data-settings=\"{&quot;content_width&quot;:&quot;full&quot;,&quot;container_type&quot;:&quot;flex&quot;}\" data-core-v316-plus=\"true\">\n\t\t\t\t<div class=\"elementor-element elementor-element-3ac3275 elementor-widget elementor-widget-html\" data-id=\"3ac3275\" data-element_type=\"widget\" data-widget_type=\"html.default\">\n\t\t\t\t<div class=\"elementor-widget-container\">\n\t\t\t<div style=\"width: 100%; height: 500px; overflow: hidden; position: relative;\">\n  <iframe \n    src=\"https:\/\/www.google.com\/maps\/d\/embed?mid=1LtTCS8-A4mtFkkHTUOPbm0TFcSKorjw&ehbc=2E312F&noprof=1\" \n    width=\"100%\" \n    height=\"550\" \n    style=\"border:0; margin-top:-70px;\">\n  <\/iframe>\n<\/div>\n\t\t<\/div>\n\t\t\t\t<\/div>\n\t\t\t\t<\/div>\n\t\t\t\t<\/div>","protected":false},"excerpt":{"rendered":"<p>Onde comprar Distribuidores Portugal BLED Rua dos Moinhos 525 4755-604, Gamil Barcelos +351 910 222 687 geral@bled.pt www.bled.pt Su\u00ed\u00e7a Bruno Car Care Avenue Alexandre Vinet 331004, Lausanne Su\u00ed\u00e7a +41 79 5800282 contact@brunocarcare.com www.brunocarcare.com Portugal Conde &#038; Lemos Lda Rua Pinto Bessa 254 4300-427, Campanh\u00e3 Porto +351 22\u00a0510\u00a02834 alpoimlemos@gmail.com Portugal MM Auto Rua do Berredo N\u00ba64830-303, [&hellip;]<\/p>","protected":false},"author":2,"featured_media":0,"parent":0,"menu_order":0,"comment_status":"closed","ping_status":"closed","template":"elementor_header_footer","meta":{"_acf_changed":false,"footnotes":""},"class_list":["post-22626","page","type-page","status-publish","hentry"],"acf":[],"_links":{"self":[{"href":"https:\/\/gtdcarparts.com\/fr\/wp-json\/wp\/v2\/pages\/22626","targetHints":{"allow":["GET"]}}],"collection":[{"href":"https:\/\/gtdcarparts.com\/fr\/wp-json\/wp\/v2\/pages"}],"about":[{"href":"https:\/\/gtdcarparts.com\/fr\/wp-json\/wp\/v2\/types\/page"}],"author":[{"embeddable":true,"href":"https:\/\/gtdcarparts.com\/fr\/wp-json\/wp\/v2\/users\/2"}],"replies":[{"embeddable":true,"href":"https:\/\/gtdcarparts.com\/fr\/wp-json\/wp\/v2\/comments?post=22626"}],"version-history":[{"count":58,"href":"https:\/\/gtdcarparts.com\/fr\/wp-json\/wp\/v2\/pages\/22626\/revisions"}],"predecessor-version":[{"id":24297,"href":"https:\/\/gtdcarparts.com\/fr\/wp-json\/wp\/v2\/pages\/22626\/revisions\/24297"}],"wp:attachment":[{"href":"https:\/\/gtdcarparts.com\/fr\/wp-json\/wp\/v2\/media?parent=22626"}],"curies":[{"name":"wp","href":"https:\/\/api.w.org\/{rel}","templated":true}]}}