{"id":21960,"date":"2024-06-24T11:09:35","date_gmt":"2024-06-24T10:09:35","guid":{"rendered":"https:\/\/gtdcarparts.com\/?page_id=21960"},"modified":"2025-12-12T12:38:19","modified_gmt":"2025-12-12T12:38:19","slug":"catalogos","status":"publish","type":"page","link":"https:\/\/gtdcarparts.com\/fr\/catalogues\/","title":{"rendered":"Catalogues"},"content":{"rendered":"<div data-elementor-type=\"wp-page\" data-elementor-id=\"21960\" class=\"elementor elementor-21960\" data-elementor-post-type=\"page\">\n\t\t\t\t<div class=\"elementor-element elementor-element-4bffb22 e-flex e-con-boxed e-con e-parent\" data-id=\"4bffb22\" data-element_type=\"container\" data-settings=\"{&quot;container_type&quot;:&quot;flex&quot;,&quot;content_width&quot;:&quot;boxed&quot;}\" data-core-v316-plus=\"true\">\n\t\t\t\t\t<div class=\"e-con-inner\">\n\t\t<div class=\"elementor-element elementor-element-a0610d8 e-con-full e-flex e-con e-child\" data-id=\"a0610d8\" data-element_type=\"container\" data-settings=\"{&quot;content_width&quot;:&quot;full&quot;,&quot;container_type&quot;:&quot;flex&quot;}\">\n\t\t\t\t<div class=\"elementor-element elementor-element-2577a70 elementor-widget elementor-widget-heading\" data-id=\"2577a70\" data-element_type=\"widget\" data-widget_type=\"heading.default\">\n\t\t\t\t<div class=\"elementor-widget-container\">\n\t\t\t<h1 class=\"elementor-heading-title elementor-size-default\">Catalogue g\u00e9n\u00e9ral<\/h1>\t\t<\/div>\n\t\t\t\t<\/div>\n\t\t\t\t<\/div>\n\t\t\t\t\t<\/div>\n\t\t\t\t<\/div>\n\t\t<div class=\"elementor-element elementor-element-d3d064f e-flex e-con-boxed e-con e-parent\" data-id=\"d3d064f\" data-element_type=\"container\" data-settings=\"{&quot;container_type&quot;:&quot;flex&quot;,&quot;content_width&quot;:&quot;boxed&quot;}\" data-core-v316-plus=\"true\">\n\t\t\t\t\t<div class=\"e-con-inner\">\n\t\t\t\t<div class=\"elementor-element elementor-element-348c675 elementor-widget elementor-widget-image\" data-id=\"348c675\" data-element_type=\"widget\" data-widget_type=\"image.default\">\n\t\t\t\t<div class=\"elementor-widget-container\">\n\t\t\t\t\t\t\t\t\t\t\t\t\t\t<a href=\"https:\/\/gtdcarparts.com\/wp-content\/uploads\/2025\/10\/gtdcarparts_catalogo_geral.pdf\" target=\"_blank\">\n\t\t\t\t\t\t\t<img fetchpriority=\"high\" decoding=\"async\" width=\"1086\" height=\"1536\" src=\"https:\/\/gtdcarparts.com\/wp-content\/uploads\/2025\/12\/gtdcarparts_catalogo_geral-1-1086x1536.jpg\" class=\"attachment-1536x1536 size-1536x1536 wp-image-24974\" alt=\"\" srcset=\"https:\/\/gtdcarparts.com\/wp-content\/uploads\/2025\/12\/gtdcarparts_catalogo_geral-1-1086x1536.jpg 1086w, https:\/\/gtdcarparts.com\/wp-content\/uploads\/2025\/12\/gtdcarparts_catalogo_geral-1-212x300.jpg 212w, https:\/\/gtdcarparts.com\/wp-content\/uploads\/2025\/12\/gtdcarparts_catalogo_geral-1-724x1024.jpg 724w, https:\/\/gtdcarparts.com\/wp-content\/uploads\/2025\/12\/gtdcarparts_catalogo_geral-1-768x1086.jpg 768w, https:\/\/gtdcarparts.com\/wp-content\/uploads\/2025\/12\/gtdcarparts_catalogo_geral-1-1448x2048.jpg 1448w, https:\/\/gtdcarparts.com\/wp-content\/uploads\/2025\/12\/gtdcarparts_catalogo_geral-1-8x12.jpg 8w, https:\/\/gtdcarparts.com\/wp-content\/uploads\/2025\/12\/gtdcarparts_catalogo_geral-1-424x600.jpg 424w, https:\/\/gtdcarparts.com\/wp-content\/uploads\/2025\/12\/gtdcarparts_catalogo_geral-1-scaled.jpg 1811w\" sizes=\"(max-width: 1086px) 100vw, 1086px\" \/>\t\t\t\t\t\t\t\t<\/a>\n\t\t\t\t\t\t\t\t\t\t\t\t\t<\/div>\n\t\t\t\t<\/div>\n\t\t<div class=\"elementor-element elementor-element-ce48364 e-con-full e-flex e-con e-child\" data-id=\"ce48364\" data-element_type=\"container\" data-settings=\"{&quot;content_width&quot;:&quot;full&quot;,&quot;container_type&quot;:&quot;flex&quot;}\">\n\t\t\t\t<div class=\"elementor-element elementor-element-7f22920 elementor-align-center elementor-widget elementor-widget-button\" data-id=\"7f22920\" data-element_type=\"widget\" data-widget_type=\"button.default\">\n\t\t\t\t<div class=\"elementor-widget-container\">\n\t\t\t\t\t<div class=\"elementor-button-wrapper\">\n\t\t\t<a class=\"elementor-button elementor-button-link elementor-size-sm\" href=\"https:\/\/gtdcarparts.com\/wp-content\/uploads\/2025\/12\/gtdcarparts_catalogo_geral-1.pdf\" target=\"_blank\">\n\t\t\t\t\t\t<span class=\"elementor-button-content-wrapper\">\n\t\t\t\t\t\t<span class=\"elementor-button-text\">T\u00e9l\u00e9charger le PDF<\/span>\n\t\t<\/span>\n\t\t\t\t\t<\/a>\n\t\t<\/div>\n\t\t\t\t<\/div>\n\t\t\t\t<\/div>\n\t\t\t\t<\/div>\n\t\t\t\t\t<\/div>\n\t\t\t\t<\/div>\n\t\t<div class=\"elementor-element elementor-element-8a56096 e-flex e-con-boxed e-con e-parent\" data-id=\"8a56096\" data-element_type=\"container\" data-settings=\"{&quot;background_background&quot;:&quot;classic&quot;,&quot;container_type&quot;:&quot;flex&quot;,&quot;content_width&quot;:&quot;boxed&quot;}\" data-core-v316-plus=\"true\">\n\t\t\t\t\t<div class=\"e-con-inner\">\n\t\t\t\t<div class=\"elementor-element elementor-element-c0eb0b9 elementor-widget elementor-widget-heading\" data-id=\"c0eb0b9\" data-element_type=\"widget\" data-widget_type=\"heading.default\">\n\t\t\t\t<div class=\"elementor-widget-container\">\n\t\t\t<h1 class=\"elementor-heading-title elementor-size-default\">Tous les catalogues mensuels<\/h1>\t\t<\/div>\n\t\t\t\t<\/div>\n\t\t\t\t\t<\/div>\n\t\t\t\t<\/div>\n\t\t<div class=\"elementor-element elementor-element-d15599d e-flex e-con-boxed e-con e-parent\" data-id=\"d15599d\" data-element_type=\"container\" data-settings=\"{&quot;background_background&quot;:&quot;classic&quot;,&quot;container_type&quot;:&quot;flex&quot;,&quot;content_width&quot;:&quot;boxed&quot;}\" data-core-v316-plus=\"true\">\n\t\t\t\t\t<div class=\"e-con-inner\">\n\t\t<div class=\"elementor-element elementor-element-199ebdc e-con-full e-flex e-con e-child\" data-id=\"199ebdc\" data-element_type=\"container\" data-settings=\"{&quot;content_width&quot;:&quot;full&quot;,&quot;container_type&quot;:&quot;flex&quot;}\">\n\t\t\t\t<div class=\"elementor-element elementor-element-a9ce386 elementor-widget elementor-widget-image\" data-id=\"a9ce386\" data-element_type=\"widget\" data-widget_type=\"image.default\">\n\t\t\t\t<div class=\"elementor-widget-container\">\n\t\t\t\t\t\t\t\t\t\t<figure class=\"wp-caption\">\n\t\t\t\t\t\t\t\t\t\t\t<a href=\"https:\/\/gtdcarparts.com\/wp-content\/uploads\/2024\/09\/GTDCARPARTS_Novidades_Setembro-.pdf\" target=\"_blank\">\n\t\t\t\t\t\t\t<img decoding=\"async\" width=\"212\" height=\"300\" src=\"https:\/\/gtdcarparts.com\/wp-content\/uploads\/2025\/12\/gtdcarparts_catalogo_NOVIDADES_DECEMBER_Pagina_01-212x300.jpg\" class=\"attachment-medium size-medium wp-image-24973\" alt=\"\" srcset=\"https:\/\/gtdcarparts.com\/wp-content\/uploads\/2025\/12\/gtdcarparts_catalogo_NOVIDADES_DECEMBER_Pagina_01-212x300.jpg 212w, https:\/\/gtdcarparts.com\/wp-content\/uploads\/2025\/12\/gtdcarparts_catalogo_NOVIDADES_DECEMBER_Pagina_01-724x1024.jpg 724w, https:\/\/gtdcarparts.com\/wp-content\/uploads\/2025\/12\/gtdcarparts_catalogo_NOVIDADES_DECEMBER_Pagina_01-768x1086.jpg 768w, https:\/\/gtdcarparts.com\/wp-content\/uploads\/2025\/12\/gtdcarparts_catalogo_NOVIDADES_DECEMBER_Pagina_01-1086x1536.jpg 1086w, https:\/\/gtdcarparts.com\/wp-content\/uploads\/2025\/12\/gtdcarparts_catalogo_NOVIDADES_DECEMBER_Pagina_01-1448x2048.jpg 1448w, https:\/\/gtdcarparts.com\/wp-content\/uploads\/2025\/12\/gtdcarparts_catalogo_NOVIDADES_DECEMBER_Pagina_01-8x12.jpg 8w, https:\/\/gtdcarparts.com\/wp-content\/uploads\/2025\/12\/gtdcarparts_catalogo_NOVIDADES_DECEMBER_Pagina_01-424x600.jpg 424w, https:\/\/gtdcarparts.com\/wp-content\/uploads\/2025\/12\/gtdcarparts_catalogo_NOVIDADES_DECEMBER_Pagina_01-scaled.jpg 1811w\" sizes=\"(max-width: 212px) 100vw, 212px\" \/>\t\t\t\t\t\t\t\t<\/a>\n\t\t\t\t\t\t\t\t\t\t\t<figcaption class=\"widget-image-caption wp-caption-text\">Cat\u00e1logo Dezembro 2025<\/figcaption>\n\t\t\t\t\t\t\t\t\t\t<\/figure>\n\t\t\t\t\t\t\t<\/div>\n\t\t\t\t<\/div>\n\t\t\t\t<div class=\"elementor-element elementor-element-f69703f elementor-align-center elementor-widget elementor-widget-button\" data-id=\"f69703f\" data-element_type=\"widget\" data-widget_type=\"button.default\">\n\t\t\t\t<div class=\"elementor-widget-container\">\n\t\t\t\t\t<div class=\"elementor-button-wrapper\">\n\t\t\t<a class=\"elementor-button elementor-button-link elementor-size-sm\" href=\"https:\/\/gtdcarparts.com\/wp-content\/uploads\/2025\/12\/gtdcarparts_catalogo_NOVIDADES_DECEMBER.pdf\" target=\"_blank\">\n\t\t\t\t\t\t<span class=\"elementor-button-content-wrapper\">\n\t\t\t\t\t\t<span class=\"elementor-button-text\">T\u00e9l\u00e9charger le PDF<\/span>\n\t\t<\/span>\n\t\t\t\t\t<\/a>\n\t\t<\/div>\n\t\t\t\t<\/div>\n\t\t\t\t<\/div>\n\t\t\t\t<\/div>\n\t\t<div class=\"elementor-element elementor-element-5776db8 e-con-full e-flex e-con e-child\" data-id=\"5776db8\" data-element_type=\"container\" data-settings=\"{&quot;content_width&quot;:&quot;full&quot;,&quot;container_type&quot;:&quot;flex&quot;}\">\n\t\t\t\t<div class=\"elementor-element elementor-element-74d594c elementor-widget__width-initial elementor-widget elementor-widget-image\" data-id=\"74d594c\" data-element_type=\"widget\" data-widget_type=\"image.default\">\n\t\t\t\t<div class=\"elementor-widget-container\">\n\t\t\t\t\t\t\t\t\t\t<figure class=\"wp-caption\">\n\t\t\t\t\t\t\t\t\t\t\t<a href=\"https:\/\/gtdcarparts.com\/wp-content\/uploads\/2025\/10\/gtdcarparts_catalogo_NOVIDADES_november.pdf\" target=\"_blank\">\n\t\t\t\t\t\t\t<img decoding=\"async\" width=\"212\" height=\"300\" src=\"https:\/\/gtdcarparts.com\/wp-content\/uploads\/2025\/10\/catalogo-novembro-25-212x300.jpg\" class=\"attachment-medium size-medium wp-image-24463\" alt=\"\" srcset=\"https:\/\/gtdcarparts.com\/wp-content\/uploads\/2025\/10\/catalogo-novembro-25-212x300.jpg 212w, https:\/\/gtdcarparts.com\/wp-content\/uploads\/2025\/10\/catalogo-novembro-25-8x12.jpg 8w, https:\/\/gtdcarparts.com\/wp-content\/uploads\/2025\/10\/catalogo-novembro-25-424x600.jpg 424w, https:\/\/gtdcarparts.com\/wp-content\/uploads\/2025\/10\/catalogo-novembro-25.jpg 595w\" sizes=\"(max-width: 212px) 100vw, 212px\" \/>\t\t\t\t\t\t\t\t<\/a>\n\t\t\t\t\t\t\t\t\t\t\t<figcaption class=\"widget-image-caption wp-caption-text\">Cat\u00e1logo Novembro 2025<\/figcaption>\n\t\t\t\t\t\t\t\t\t\t<\/figure>\n\t\t\t\t\t\t\t<\/div>\n\t\t\t\t<\/div>\n\t\t\t\t<div class=\"elementor-element elementor-element-42aa0e9 elementor-align-center elementor-widget elementor-widget-button\" data-id=\"42aa0e9\" data-element_type=\"widget\" data-widget_type=\"button.default\">\n\t\t\t\t<div class=\"elementor-widget-container\">\n\t\t\t\t\t<div class=\"elementor-button-wrapper\">\n\t\t\t<a class=\"elementor-button elementor-button-link elementor-size-sm\" href=\"https:\/\/gtdcarparts.com\/wp-content\/uploads\/2025\/10\/gtdcarparts_catalogo_NOVIDADES_november.pdf\" target=\"_blank\">\n\t\t\t\t\t\t<span class=\"elementor-button-content-wrapper\">\n\t\t\t\t\t\t<span class=\"elementor-button-text\">T\u00e9l\u00e9charger le PDF<\/span>\n\t\t<\/span>\n\t\t\t\t\t<\/a>\n\t\t<\/div>\n\t\t\t\t<\/div>\n\t\t\t\t<\/div>\n\t\t\t\t<\/div>\n\t\t<div class=\"elementor-element elementor-element-f5687d4 e-con-full e-flex e-con e-child\" data-id=\"f5687d4\" data-element_type=\"container\" data-settings=\"{&quot;content_width&quot;:&quot;full&quot;,&quot;container_type&quot;:&quot;flex&quot;}\">\n\t\t\t\t<div class=\"elementor-element elementor-element-469a1b9 elementor-widget__width-initial elementor-widget elementor-widget-image\" data-id=\"469a1b9\" data-element_type=\"widget\" data-widget_type=\"image.default\">\n\t\t\t\t<div class=\"elementor-widget-container\">\n\t\t\t\t\t\t\t\t\t\t<figure class=\"wp-caption\">\n\t\t\t\t\t\t\t\t\t\t\t<a href=\"https:\/\/gtdcarparts.com\/wp-content\/uploads\/2025\/03\/GTDCARPARTS_NOVIDADES_MARCO.pdf\" target=\"_blank\">\n\t\t\t\t\t\t\t<img loading=\"lazy\" decoding=\"async\" width=\"211\" height=\"300\" src=\"https:\/\/gtdcarparts.com\/wp-content\/uploads\/2024\/04\/front_gtd_march-211x300.jpg?v=1715868123\" class=\"attachment-medium size-medium wp-image-20026\" alt=\"\" srcset=\"https:\/\/gtdcarparts.com\/wp-content\/uploads\/2024\/04\/front_gtd_march-211x300.jpg?v=1715868123 211w, https:\/\/gtdcarparts.com\/wp-content\/uploads\/2024\/04\/front_gtd_march-8x12.jpg?v=1715868123 8w, https:\/\/gtdcarparts.com\/wp-content\/uploads\/2024\/04\/front_gtd_march-423x600.jpg?v=1715868123 423w, https:\/\/gtdcarparts.com\/wp-content\/uploads\/2024\/04\/front_gtd_march.jpg?v=1715868123 441w\" sizes=\"(max-width: 211px) 100vw, 211px\" \/>\t\t\t\t\t\t\t\t<\/a>\n\t\t\t\t\t\t\t\t\t\t\t<figcaption class=\"widget-image-caption wp-caption-text\">Cat\u00e1logo Mar\u00e7o 2025<\/figcaption>\n\t\t\t\t\t\t\t\t\t\t<\/figure>\n\t\t\t\t\t\t\t<\/div>\n\t\t\t\t<\/div>\n\t\t\t\t<div class=\"elementor-element elementor-element-f832769 elementor-align-center elementor-widget elementor-widget-button\" data-id=\"f832769\" data-element_type=\"widget\" data-widget_type=\"button.default\">\n\t\t\t\t<div class=\"elementor-widget-container\">\n\t\t\t\t\t<div class=\"elementor-button-wrapper\">\n\t\t\t<a class=\"elementor-button elementor-button-link elementor-size-sm\" href=\"https:\/\/gtdcarparts.com\/wp-content\/uploads\/2025\/03\/GTDCARPARTS_NOVIDADES_MARCO.pdf\" target=\"_blank\">\n\t\t\t\t\t\t<span class=\"elementor-button-content-wrapper\">\n\t\t\t\t\t\t<span class=\"elementor-button-text\">T\u00e9l\u00e9charger le PDF<\/span>\n\t\t<\/span>\n\t\t\t\t\t<\/a>\n\t\t<\/div>\n\t\t\t\t<\/div>\n\t\t\t\t<\/div>\n\t\t\t\t<\/div>\n\t\t<div class=\"elementor-element elementor-element-cb79e89 e-con-full e-flex e-con e-child\" data-id=\"cb79e89\" data-element_type=\"container\" data-settings=\"{&quot;content_width&quot;:&quot;full&quot;,&quot;container_type&quot;:&quot;flex&quot;}\">\n\t\t\t\t<div class=\"elementor-element elementor-element-b0f5899 elementor-widget elementor-widget-image\" data-id=\"b0f5899\" data-element_type=\"widget\" data-widget_type=\"image.default\">\n\t\t\t\t<div class=\"elementor-widget-container\">\n\t\t\t\t\t\t\t\t\t\t<figure class=\"wp-caption\">\n\t\t\t\t\t\t\t\t\t\t\t<a href=\"https:\/\/gtdcarparts.com\/wp-content\/uploads\/2024\/11\/GTD-NOVIDADES_NOVEMBRO.pdf\" target=\"_blank\">\n\t\t\t\t\t\t\t<img loading=\"lazy\" decoding=\"async\" width=\"212\" height=\"300\" src=\"https:\/\/gtdcarparts.com\/wp-content\/uploads\/2024\/11\/Capa_Novembro.jpg\" class=\"attachment-medium size-medium wp-image-23319\" alt=\"\" \/>\t\t\t\t\t\t\t\t<\/a>\n\t\t\t\t\t\t\t\t\t\t\t<figcaption class=\"widget-image-caption wp-caption-text\">Cat\u00e1logo Novembro 2024<\/figcaption>\n\t\t\t\t\t\t\t\t\t\t<\/figure>\n\t\t\t\t\t\t\t<\/div>\n\t\t\t\t<\/div>\n\t\t\t\t<div class=\"elementor-element elementor-element-1940cac elementor-align-center elementor-widget elementor-widget-button\" data-id=\"1940cac\" data-element_type=\"widget\" data-widget_type=\"button.default\">\n\t\t\t\t<div class=\"elementor-widget-container\">\n\t\t\t\t\t<div class=\"elementor-button-wrapper\">\n\t\t\t<a class=\"elementor-button elementor-button-link elementor-size-sm\" href=\"https:\/\/gtdcarparts.com\/wp-content\/uploads\/2024\/11\/GTD-NOVIDADES_NOVEMBRO.pdf\" target=\"_blank\">\n\t\t\t\t\t\t<span class=\"elementor-button-content-wrapper\">\n\t\t\t\t\t\t<span class=\"elementor-button-text\">T\u00e9l\u00e9charger le PDF<\/span>\n\t\t<\/span>\n\t\t\t\t\t<\/a>\n\t\t<\/div>\n\t\t\t\t<\/div>\n\t\t\t\t<\/div>\n\t\t\t\t<\/div>\n\t\t\t\t\t<\/div>\n\t\t\t\t<\/div>\n\t\t<div class=\"elementor-element elementor-element-afd5fe7 e-flex e-con-boxed e-con e-parent\" data-id=\"afd5fe7\" data-element_type=\"container\" data-settings=\"{&quot;background_background&quot;:&quot;classic&quot;,&quot;container_type&quot;:&quot;flex&quot;,&quot;content_width&quot;:&quot;boxed&quot;}\" data-core-v316-plus=\"true\">\n\t\t\t\t\t<div class=\"e-con-inner\">\n\t\t<div class=\"elementor-element elementor-element-ceae953 e-con-full e-flex e-con e-child\" data-id=\"ceae953\" data-element_type=\"container\" data-settings=\"{&quot;content_width&quot;:&quot;full&quot;,&quot;container_type&quot;:&quot;flex&quot;}\">\n\t\t\t\t<div class=\"elementor-element elementor-element-53f0e9a elementor-widget elementor-widget-image\" data-id=\"53f0e9a\" data-element_type=\"widget\" data-widget_type=\"image.default\">\n\t\t\t\t<div class=\"elementor-widget-container\">\n\t\t\t\t\t\t\t\t\t\t<figure class=\"wp-caption\">\n\t\t\t\t\t\t\t\t\t\t\t<a href=\"https:\/\/gtdcarparts.com\/wp-content\/uploads\/2024\/09\/GTDCARPARTS_Novidades_Setembro-.pdf\" target=\"_blank\">\n\t\t\t\t\t\t\t<img loading=\"lazy\" decoding=\"async\" width=\"212\" height=\"300\" src=\"https:\/\/gtdcarparts.com\/wp-content\/uploads\/2024\/09\/GTDCARPARTS_Novidades_Setembro-0000-212x300.jpg\" class=\"attachment-medium size-medium wp-image-22587\" alt=\"\" srcset=\"https:\/\/gtdcarparts.com\/wp-content\/uploads\/2024\/09\/GTDCARPARTS_Novidades_Setembro-0000-212x300.jpg 212w, https:\/\/gtdcarparts.com\/wp-content\/uploads\/2024\/09\/GTDCARPARTS_Novidades_Setembro-0000-8x12.jpg 8w, https:\/\/gtdcarparts.com\/wp-content\/uploads\/2024\/09\/GTDCARPARTS_Novidades_Setembro-0000-424x600.jpg 424w, https:\/\/gtdcarparts.com\/wp-content\/uploads\/2024\/09\/GTDCARPARTS_Novidades_Setembro-0000.jpg 595w\" sizes=\"(max-width: 212px) 100vw, 212px\" \/>\t\t\t\t\t\t\t\t<\/a>\n\t\t\t\t\t\t\t\t\t\t\t<figcaption class=\"widget-image-caption wp-caption-text\">Cat\u00e1logo Setembro 2024<\/figcaption>\n\t\t\t\t\t\t\t\t\t\t<\/figure>\n\t\t\t\t\t\t\t<\/div>\n\t\t\t\t<\/div>\n\t\t\t\t<div class=\"elementor-element elementor-element-e370ebc elementor-align-center elementor-widget elementor-widget-button\" data-id=\"e370ebc\" data-element_type=\"widget\" data-widget_type=\"button.default\">\n\t\t\t\t<div class=\"elementor-widget-container\">\n\t\t\t\t\t<div class=\"elementor-button-wrapper\">\n\t\t\t<a class=\"elementor-button elementor-button-link elementor-size-sm\" href=\"https:\/\/gtdcarparts.com\/wp-content\/uploads\/2024\/09\/GTDCARPARTS_Novidades_Setembro-.pdf\" target=\"_blank\">\n\t\t\t\t\t\t<span class=\"elementor-button-content-wrapper\">\n\t\t\t\t\t\t<span class=\"elementor-button-text\">T\u00e9l\u00e9charger le PDF<\/span>\n\t\t<\/span>\n\t\t\t\t\t<\/a>\n\t\t<\/div>\n\t\t\t\t<\/div>\n\t\t\t\t<\/div>\n\t\t\t\t<\/div>\n\t\t<div class=\"elementor-element elementor-element-90f5015 e-con-full e-flex e-con e-child\" data-id=\"90f5015\" data-element_type=\"container\" data-settings=\"{&quot;content_width&quot;:&quot;full&quot;,&quot;container_type&quot;:&quot;flex&quot;}\">\n\t\t\t\t<div class=\"elementor-element elementor-element-39b17f0 elementor-widget elementor-widget-image\" data-id=\"39b17f0\" data-element_type=\"widget\" data-widget_type=\"image.default\">\n\t\t\t\t<div class=\"elementor-widget-container\">\n\t\t\t\t\t\t\t\t\t\t<figure class=\"wp-caption\">\n\t\t\t\t\t\t\t\t\t\t\t<a href=\"https:\/\/gtdcarparts.com\/wp-content\/uploads\/2024\/05\/MAY-CATALOGUE-GTD-CAR-PARTS.pdf\" target=\"_blank\">\n\t\t\t\t\t\t\t<img loading=\"lazy\" decoding=\"async\" width=\"211\" height=\"300\" src=\"https:\/\/gtdcarparts.com\/wp-content\/uploads\/2024\/05\/FRONT_PAGE_MAY-211x300.jpg?v=1715866978\" class=\"attachment-medium size-medium wp-image-20394\" alt=\"\" srcset=\"https:\/\/gtdcarparts.com\/wp-content\/uploads\/2024\/05\/FRONT_PAGE_MAY-211x300.jpg?v=1715866978 211w, https:\/\/gtdcarparts.com\/wp-content\/uploads\/2024\/05\/FRONT_PAGE_MAY-8x12.jpg?v=1715866978 8w, https:\/\/gtdcarparts.com\/wp-content\/uploads\/2024\/05\/FRONT_PAGE_MAY-422x600.jpg?v=1715866978 422w, https:\/\/gtdcarparts.com\/wp-content\/uploads\/2024\/05\/FRONT_PAGE_MAY.jpg?v=1715866978 591w\" sizes=\"(max-width: 211px) 100vw, 211px\" \/>\t\t\t\t\t\t\t\t<\/a>\n\t\t\t\t\t\t\t\t\t\t\t<figcaption class=\"widget-image-caption wp-caption-text\">Cat\u00e1logo Maio 2024<\/figcaption>\n\t\t\t\t\t\t\t\t\t\t<\/figure>\n\t\t\t\t\t\t\t<\/div>\n\t\t\t\t<\/div>\n\t\t\t\t<div class=\"elementor-element elementor-element-707a00c elementor-align-center elementor-widget elementor-widget-button\" data-id=\"707a00c\" data-element_type=\"widget\" data-widget_type=\"button.default\">\n\t\t\t\t<div class=\"elementor-widget-container\">\n\t\t\t\t\t<div class=\"elementor-button-wrapper\">\n\t\t\t<a class=\"elementor-button elementor-button-link elementor-size-sm\" href=\"https:\/\/gtdcarparts.com\/wp-content\/uploads\/2024\/05\/MAY-CATALOGUE-GTD-CAR-PARTS.pdf\" target=\"_blank\">\n\t\t\t\t\t\t<span class=\"elementor-button-content-wrapper\">\n\t\t\t\t\t\t<span class=\"elementor-button-text\">T\u00e9l\u00e9charger le PDF<\/span>\n\t\t<\/span>\n\t\t\t\t\t<\/a>\n\t\t<\/div>\n\t\t\t\t<\/div>\n\t\t\t\t<\/div>\n\t\t\t\t<\/div>\n\t\t<div class=\"elementor-element elementor-element-6c92885 e-con-full e-flex e-con e-child\" data-id=\"6c92885\" data-element_type=\"container\" data-settings=\"{&quot;content_width&quot;:&quot;full&quot;,&quot;container_type&quot;:&quot;flex&quot;}\">\n\t\t\t\t<div class=\"elementor-element elementor-element-24ee9ed elementor-widget elementor-widget-image\" data-id=\"24ee9ed\" data-element_type=\"widget\" data-widget_type=\"image.default\">\n\t\t\t\t<div class=\"elementor-widget-container\">\n\t\t\t\t\t\t\t\t\t\t<figure class=\"wp-caption\">\n\t\t\t\t\t\t\t\t\t\t\t<a href=\"https:\/\/gtdcarparts.com\/wp-content\/uploads\/2024\/04\/APRIL-CATALOGUE-GTD-CAR-PARTS.pdf\" target=\"_blank\">\n\t\t\t\t\t\t\t<img loading=\"lazy\" decoding=\"async\" width=\"212\" height=\"300\" src=\"https:\/\/gtdcarparts.com\/wp-content\/uploads\/2024\/04\/FRONT_PAGE_APRIL-212x300.jpg?v=1715868121\" class=\"attachment-medium size-medium wp-image-20029\" alt=\"\" srcset=\"https:\/\/gtdcarparts.com\/wp-content\/uploads\/2024\/04\/FRONT_PAGE_APRIL-212x300.jpg?v=1715868121 212w, https:\/\/gtdcarparts.com\/wp-content\/uploads\/2024\/04\/FRONT_PAGE_APRIL-8x12.jpg?v=1715868121 8w, https:\/\/gtdcarparts.com\/wp-content\/uploads\/2024\/04\/FRONT_PAGE_APRIL-423x600.jpg?v=1715868121 423w, https:\/\/gtdcarparts.com\/wp-content\/uploads\/2024\/04\/FRONT_PAGE_APRIL.jpg?v=1715868121 590w\" sizes=\"(max-width: 212px) 100vw, 212px\" \/>\t\t\t\t\t\t\t\t<\/a>\n\t\t\t\t\t\t\t\t\t\t\t<figcaption class=\"widget-image-caption wp-caption-text\">Cat\u00e1logo Abril 2024<\/figcaption>\n\t\t\t\t\t\t\t\t\t\t<\/figure>\n\t\t\t\t\t\t\t<\/div>\n\t\t\t\t<\/div>\n\t\t\t\t<div class=\"elementor-element elementor-element-2a8808a elementor-align-center elementor-widget elementor-widget-button\" data-id=\"2a8808a\" data-element_type=\"widget\" data-widget_type=\"button.default\">\n\t\t\t\t<div class=\"elementor-widget-container\">\n\t\t\t\t\t<div class=\"elementor-button-wrapper\">\n\t\t\t<a class=\"elementor-button elementor-button-link elementor-size-sm\" href=\"https:\/\/gtdcarparts.com\/wp-content\/uploads\/2024\/04\/APRIL-CATALOGUE-GTD-CAR-PARTS.pdf\" target=\"_blank\">\n\t\t\t\t\t\t<span class=\"elementor-button-content-wrapper\">\n\t\t\t\t\t\t<span class=\"elementor-button-text\">T\u00e9l\u00e9charger le PDF<\/span>\n\t\t<\/span>\n\t\t\t\t\t<\/a>\n\t\t<\/div>\n\t\t\t\t<\/div>\n\t\t\t\t<\/div>\n\t\t\t\t<\/div>\n\t\t<div class=\"elementor-element elementor-element-7b598c0 e-con-full e-flex e-con e-child\" data-id=\"7b598c0\" data-element_type=\"container\" data-settings=\"{&quot;content_width&quot;:&quot;full&quot;,&quot;container_type&quot;:&quot;flex&quot;}\">\n\t\t\t\t<div class=\"elementor-element elementor-element-b74f189 elementor-widget elementor-widget-image\" data-id=\"b74f189\" data-element_type=\"widget\" data-widget_type=\"image.default\">\n\t\t\t\t<div class=\"elementor-widget-container\">\n\t\t\t\t\t\t\t\t\t\t<figure class=\"wp-caption\">\n\t\t\t\t\t\t\t\t\t\t\t<a href=\"https:\/\/gtdcarparts.com\/wp-content\/uploads\/2024\/04\/MARCH-CATALOGUE-GTD-CAR-PARTS.pdf\" target=\"_blank\">\n\t\t\t\t\t\t\t<img loading=\"lazy\" decoding=\"async\" width=\"211\" height=\"300\" src=\"https:\/\/gtdcarparts.com\/wp-content\/uploads\/2024\/04\/front_gtd_march-211x300.jpg?v=1715868123\" class=\"attachment-medium size-medium wp-image-20026\" alt=\"\" srcset=\"https:\/\/gtdcarparts.com\/wp-content\/uploads\/2024\/04\/front_gtd_march-211x300.jpg?v=1715868123 211w, https:\/\/gtdcarparts.com\/wp-content\/uploads\/2024\/04\/front_gtd_march-8x12.jpg?v=1715868123 8w, https:\/\/gtdcarparts.com\/wp-content\/uploads\/2024\/04\/front_gtd_march-423x600.jpg?v=1715868123 423w, https:\/\/gtdcarparts.com\/wp-content\/uploads\/2024\/04\/front_gtd_march.jpg?v=1715868123 441w\" sizes=\"(max-width: 211px) 100vw, 211px\" \/>\t\t\t\t\t\t\t\t<\/a>\n\t\t\t\t\t\t\t\t\t\t\t<figcaption class=\"widget-image-caption wp-caption-text\">Cat\u00e1logo Mar\u00e7o 2024<\/figcaption>\n\t\t\t\t\t\t\t\t\t\t<\/figure>\n\t\t\t\t\t\t\t<\/div>\n\t\t\t\t<\/div>\n\t\t\t\t<div class=\"elementor-element elementor-element-bdcb9ab elementor-align-center elementor-widget elementor-widget-button\" data-id=\"bdcb9ab\" data-element_type=\"widget\" data-widget_type=\"button.default\">\n\t\t\t\t<div class=\"elementor-widget-container\">\n\t\t\t\t\t<div class=\"elementor-button-wrapper\">\n\t\t\t<a class=\"elementor-button elementor-button-link elementor-size-sm\" href=\"https:\/\/gtdcarparts.com\/wp-content\/uploads\/2024\/04\/MARCH-CATALOGUE-GTD-CAR-PARTS.pdf\" target=\"_blank\">\n\t\t\t\t\t\t<span class=\"elementor-button-content-wrapper\">\n\t\t\t\t\t\t<span class=\"elementor-button-text\">T\u00e9l\u00e9charger le PDF<\/span>\n\t\t<\/span>\n\t\t\t\t\t<\/a>\n\t\t<\/div>\n\t\t\t\t<\/div>\n\t\t\t\t<\/div>\n\t\t\t\t<\/div>\n\t\t\t\t\t<\/div>\n\t\t\t\t<\/div>\n\t\t\t\t<\/div>","protected":false},"excerpt":{"rendered":"<p>Cat\u00e1logo Geral Download PDF Todos os Cat\u00e1logos Mensais Cat\u00e1logo Dezembro 2025 Download PDF Cat\u00e1logo Novembro 2025 Download PDF Cat\u00e1logo Mar\u00e7o 2025 Download PDF Cat\u00e1logo Novembro 2024 Download PDF Cat\u00e1logo Setembro 2024 Download PDF Cat\u00e1logo Maio 2024 Download PDF Cat\u00e1logo Abril 2024 Download PDF Cat\u00e1logo Mar\u00e7o 2024 Download PDF<\/p>","protected":false},"author":2,"featured_media":0,"parent":0,"menu_order":0,"comment_status":"closed","ping_status":"closed","template":"elementor_header_footer","meta":{"_acf_changed":false,"footnotes":""},"class_list":["post-21960","page","type-page","status-publish","hentry"],"acf":[],"_links":{"self":[{"href":"https:\/\/gtdcarparts.com\/fr\/wp-json\/wp\/v2\/pages\/21960","targetHints":{"allow":["GET"]}}],"collection":[{"href":"https:\/\/gtdcarparts.com\/fr\/wp-json\/wp\/v2\/pages"}],"about":[{"href":"https:\/\/gtdcarparts.com\/fr\/wp-json\/wp\/v2\/types\/page"}],"author":[{"embeddable":true,"href":"https:\/\/gtdcarparts.com\/fr\/wp-json\/wp\/v2\/users\/2"}],"replies":[{"embeddable":true,"href":"https:\/\/gtdcarparts.com\/fr\/wp-json\/wp\/v2\/comments?post=21960"}],"version-history":[{"count":95,"href":"https:\/\/gtdcarparts.com\/fr\/wp-json\/wp\/v2\/pages\/21960\/revisions"}],"predecessor-version":[{"id":25012,"href":"https:\/\/gtdcarparts.com\/fr\/wp-json\/wp\/v2\/pages\/21960\/revisions\/25012"}],"wp:attachment":[{"href":"https:\/\/gtdcarparts.com\/fr\/wp-json\/wp\/v2\/media?parent=21960"}],"curies":[{"name":"wp","href":"https:\/\/api.w.org\/{rel}","templated":true}]}}