{"id":21,"date":"2023-08-25T18:38:15","date_gmt":"2023-08-25T17:38:15","guid":{"rendered":"https:\/\/gtdcarparts.com\/?page_id=21"},"modified":"2024-06-18T15:42:47","modified_gmt":"2024-06-18T14:42:47","slug":"minha-conta","status":"publish","type":"page","link":"https:\/\/gtdcarparts.com\/fr\/minha-conta\/","title":{"rendered":"Minha conta"},"content":{"rendered":"<div data-elementor-type=\"wp-page\" data-elementor-id=\"21\" class=\"elementor elementor-21\" data-elementor-post-type=\"page\">\n\t\t\t\t<div class=\"elementor-element elementor-element-605ed74b e-flex e-con-boxed e-con e-parent\" data-id=\"605ed74b\" data-element_type=\"container\" data-settings=\"{&quot;container_type&quot;:&quot;flex&quot;,&quot;content_width&quot;:&quot;boxed&quot;}\" data-core-v316-plus=\"true\">\n\t\t\t\t\t<div class=\"e-con-inner\">\n\t\t<!-- dce invisible element c8fca3a --><!-- dce invisible element 021d29e -->\t\t<div class=\"elementor-element elementor-element-bc0cca3 e-my-account-tabs-horizontal elementor-widget elementor-widget-woocommerce-my-account\" data-id=\"bc0cca3\" data-element_type=\"widget\" data-widget_type=\"woocommerce-my-account.default\">\n\t\t\t\t<div class=\"elementor-widget-container\">\n\t\t\t<div class=\"e-my-account-tab e-my-account-tab__\">\t\t\t<span class=\"elementor-hidden\">[woocommerce_my_account]<\/span>\n\t\t\t<div class=\"woocommerce\"><\/div>\t\t<\/div>\n\t\t\t\t<\/div>\n\t\t\t\t<\/div>\n\t\t\t\t\t<\/div>\n\t\t\t\t<\/div>\n\t\t<!-- dce invisible element 429a3df -->\t\t<\/div>","protected":false},"excerpt":{"rendered":"<p>\u00c1rea de Cliente B2B Bem-vindo(a), Esta \u00e9 a sua \u00e1rea B2B, aqui pode aceder \u00e0s suas encomendas, bem como\u00a0encontrar\u00e1 todos os elementos de marketing para comunicar com os seus clientes. Cat\u00e1logos e Multim\u00e9dia Contactos de Apoio B2B +351 913 378 668 geral@gtdcarparts.com Dashboard Encomendas Terminar Sess\u00e3o Dashboard Encomendas Terminar Sess\u00e3o Ol\u00e1 brunobled (n\u00e3o \u00e9 brunobled? [&hellip;]<\/p>","protected":false},"author":2,"featured_media":0,"parent":0,"menu_order":0,"comment_status":"closed","ping_status":"closed","template":"","meta":{"_acf_changed":false,"footnotes":""},"class_list":["post-21","page","type-page","status-publish","hentry"],"acf":[],"_links":{"self":[{"href":"https:\/\/gtdcarparts.com\/fr\/wp-json\/wp\/v2\/pages\/21","targetHints":{"allow":["GET"]}}],"collection":[{"href":"https:\/\/gtdcarparts.com\/fr\/wp-json\/wp\/v2\/pages"}],"about":[{"href":"https:\/\/gtdcarparts.com\/fr\/wp-json\/wp\/v2\/types\/page"}],"author":[{"embeddable":true,"href":"https:\/\/gtdcarparts.com\/fr\/wp-json\/wp\/v2\/users\/2"}],"replies":[{"embeddable":true,"href":"https:\/\/gtdcarparts.com\/fr\/wp-json\/wp\/v2\/comments?post=21"}],"version-history":[{"count":46,"href":"https:\/\/gtdcarparts.com\/fr\/wp-json\/wp\/v2\/pages\/21\/revisions"}],"predecessor-version":[{"id":21801,"href":"https:\/\/gtdcarparts.com\/fr\/wp-json\/wp\/v2\/pages\/21\/revisions\/21801"}],"wp:attachment":[{"href":"https:\/\/gtdcarparts.com\/fr\/wp-json\/wp\/v2\/media?parent=21"}],"curies":[{"name":"wp","href":"https:\/\/api.w.org\/{rel}","templated":true}]}}