{"id":9821,"date":"2023-08-26T02:13:47","date_gmt":"2023-08-26T01:13:47","guid":{"rendered":"https:\/\/gtdcarparts.com\/?page_id=9821"},"modified":"2024-05-27T16:24:41","modified_gmt":"2024-05-27T15:24:41","slug":"sobre-nos","status":"publish","type":"page","link":"https:\/\/gtdcarparts.com\/en\/about-us\/","title":{"rendered":"About Us"},"content":{"rendered":"<div data-elementor-type=\"wp-page\" data-elementor-id=\"9821\" class=\"elementor elementor-9821\" data-elementor-post-type=\"page\">\n\t\t\t\t<div data-dce-background-image-url=\"https:\/\/gtdcarparts.com\/wp-content\/uploads\/2023\/10\/BANNER-INICIAL_gtd.jpg?v=1715873896\" class=\"elementor-element elementor-element-1e58141 e-flex e-con-boxed e-con e-parent\" data-id=\"1e58141\" data-element_type=\"container\" data-settings=\"{&quot;background_background&quot;:&quot;classic&quot;,&quot;container_type&quot;:&quot;flex&quot;,&quot;content_width&quot;:&quot;boxed&quot;}\" data-core-v316-plus=\"true\">\n\t\t\t\t\t<div class=\"e-con-inner\">\n\t\t\t\t<div class=\"elementor-element elementor-element-8aff6b0 elementor-widget elementor-widget-heading\" data-id=\"8aff6b0\" data-element_type=\"widget\" data-widget_type=\"heading.default\">\n\t\t\t\t<div class=\"elementor-widget-container\">\n\t\t\t<h1 class=\"elementor-heading-title elementor-size-default\">About Us<\/h1>\t\t<\/div>\n\t\t\t\t<\/div>\n\t\t\t\t\t<\/div>\n\t\t\t\t<\/div>\n\t\t<div class=\"elementor-element elementor-element-3d57d3a2 e-flex e-con-boxed e-con e-parent\" data-id=\"3d57d3a2\" data-element_type=\"container\" data-settings=\"{&quot;container_type&quot;:&quot;flex&quot;,&quot;content_width&quot;:&quot;boxed&quot;}\" data-core-v316-plus=\"true\">\n\t\t\t\t\t<div class=\"e-con-inner\">\n\t\t\t\t<div class=\"elementor-element elementor-element-15a481ad elementor-widget elementor-widget-text-editor\" data-id=\"15a481ad\" data-element_type=\"widget\" data-widget_type=\"text-editor.default\">\n\t\t\t\t<div class=\"elementor-widget-container\">\n\t\t\t\t\t\t\t<!-- wp:paragraph -->\n<p>Welcome to GTD Car Parts - Your Trusted Source for Aftermarket Car Interior Parts<\/p>\n<!-- \/wp:paragraph -->\n\n<!-- wp:paragraph -->\n<p>At GTD Car Parts, we are dedicated to providing high-quality, reliable solutions for automotive professionals looking for aftermarket parts for car interiors. With a passion for the sector and an unwavering commitment to excellence, our company has distinguished itself as a trusted partner in the wholesale market.<\/p>\n<!-- \/wp:paragraph -->\n\n<!-- wp:paragraph -->\n<p><strong>Our Mission<\/strong><\/p>\n<!-- \/wp:paragraph -->\n\n<!-- wp:paragraph -->\n<p>Our mission is to drive our customers' success by offering a comprehensive catalogue of aftermarket car interior parts combined with exceptional customer service. Our goal is to simplify the parts procurement process by providing high-quality products at competitive prices, so that our customers can thrive in their businesses.<\/p>\n<!-- \/wp:paragraph -->\n\n<!-- wp:paragraph -->\n<p><strong>What Defines Us<\/strong><\/p>\n<!-- \/wp:paragraph -->\n\n<!-- wp:list {\"ordered\":true,\"type\":\"1\"} -->\n<ol type=\"1\"><!-- wp:list-item -->\n<li><strong>Uncompromising Quality:<\/strong> We are committed to the highest quality standards in all our parts. Each product in our catalogue is carefully selected to ensure durability and performance.<\/li>\n<!-- \/wp:list-item -->\n\n<!-- wp:list-item -->\n<li><strong>Comprehensive range:<\/strong> We offer a wide range of aftermarket parts for car interiors, catering for a diverse range of makes and models.<\/li>\n<!-- \/wp:list-item --><\/ol>\n<!-- \/wp:list -->\n\n<!-- wp:list -->\n<ul><!-- wp:list-item -->\n<li><strong>Outstanding customer service:<\/strong> our team is ready to answer your questions, provide technical assistance and ensure that your shopping experience is perfect.<\/li>\n<!-- \/wp:list-item -->\n\n<!-- wp:list-item -->\n<li><strong>Long-term partnership:<\/strong> We value our customers and seek<\/li>\n<!-- \/wp:list-item --><\/ul>\n<!-- \/wp:list -->\n\n<!-- wp:paragraph -->\n<p>building long-term relationships based on trust and collaboration. Your success is our success.<\/p>\n<!-- \/wp:paragraph -->\n\n<!-- wp:paragraph -->\n<p>Explore our catalogue and discover how GTD Car Parts can raise the quality and performance of the car interiors you service. We look forward to being your partner on this journey.<\/p>\n<!-- \/wp:paragraph -->\t\t\t\t\t\t<\/div>\n\t\t\t\t<\/div>\n\t\t\t\t\t<\/div>\n\t\t\t\t<\/div>\n\t\t\t\t<\/div>","protected":false},"excerpt":{"rendered":"<p>Sobre N\u00f3s Bem-vindo \u00e0 GTD Car Parts &#8211; A sua Fonte Confian\u00e7a para Pe\u00e7as Aftermarket de Interiores de Autom\u00f3veis Na GTD Car Parts, estamos dedicados a fornecer solu\u00e7\u00f5es de alta qualidade e confi\u00e1veis para os profissionais da ind\u00fastria autom\u00f3vel que procuram pe\u00e7as aftermarket para interiores de autom\u00f3veis. Com uma paix\u00e3o pelo setor e um compromisso [&hellip;]<\/p>","protected":false},"author":2,"featured_media":0,"parent":0,"menu_order":0,"comment_status":"closed","ping_status":"closed","template":"","meta":{"_acf_changed":false,"footnotes":""},"class_list":["post-9821","page","type-page","status-publish","hentry"],"acf":[],"_links":{"self":[{"href":"https:\/\/gtdcarparts.com\/en\/wp-json\/wp\/v2\/pages\/9821","targetHints":{"allow":["GET"]}}],"collection":[{"href":"https:\/\/gtdcarparts.com\/en\/wp-json\/wp\/v2\/pages"}],"about":[{"href":"https:\/\/gtdcarparts.com\/en\/wp-json\/wp\/v2\/types\/page"}],"author":[{"embeddable":true,"href":"https:\/\/gtdcarparts.com\/en\/wp-json\/wp\/v2\/users\/2"}],"replies":[{"embeddable":true,"href":"https:\/\/gtdcarparts.com\/en\/wp-json\/wp\/v2\/comments?post=9821"}],"version-history":[{"count":8,"href":"https:\/\/gtdcarparts.com\/en\/wp-json\/wp\/v2\/pages\/9821\/revisions"}],"predecessor-version":[{"id":21258,"href":"https:\/\/gtdcarparts.com\/en\/wp-json\/wp\/v2\/pages\/9821\/revisions\/21258"}],"wp:attachment":[{"href":"https:\/\/gtdcarparts.com\/en\/wp-json\/wp\/v2\/media?parent=9821"}],"curies":[{"name":"wp","href":"https:\/\/api.w.org\/{rel}","templated":true}]}}