{"id":22,"date":"2023-10-15T21:35:47","date_gmt":"2023-10-15T20:35:47","guid":{"rendered":"https:\/\/gtdcarparts.com\/?page_id=22"},"modified":"2023-10-15T21:36:48","modified_gmt":"2023-10-15T20:36:48","slug":"refund_returns","status":"publish","type":"page","link":"https:\/\/gtdcarparts.com\/en\/refund_returns\/","title":{"rendered":"Envios e Devolu\u00e7\u00f5es"},"content":{"rendered":"<p><strong>Shipping and payment<\/strong><\/p>\n\n\n\n<p>All items offered by our online shop are subject to the regulated conditions and everyone who buys through our site is automatically assumed to be aware of them and accepts all these conditions.&nbsp;<\/p>\n\n\n\n<p>The price shown for the products in our online shop does not include VAT. It will be calculated after purchase.<\/p>\n\n\n\n<p>Products will be dispatched by the carrier that best suits the order, which may be Correos Express, CTT Expresso or DHL.<\/p>\n\n\n\n<p>Once the customer has confirmed payment, dispatch will take up to 5\/7 working days for the whole of Europe and 2\/3 days for mainland Portugal.<\/p>\n\n\n\n<p>As shipping is an external service to our subcontracted company, we cannot be held responsible for any kind of delay in delivery by the carrier after it has been sent and is in the possession of the postal services.<\/p>\n\n\n\n<p>All payments must be made before dispatch and only by <strong>bank transfer.<\/strong><\/p>\n\n\n\n<p><strong>Value of postage<\/strong><\/p>\n\n\n\n<p>Shipping costs will be calculated according to the final weight of the order, its volume and its destination. Once the order has been placed, an invoice will be sent to the customer showing the shipping costs for the order requested.<\/p>\n\n\n\n<p><strong>Order tracking<\/strong><\/p>\n\n\n\n<p>All shipments made by GTD Car Parts will have a tracking number and the order can be followed using the tracking code provided in your customer area.<\/p>\n\n\n\n<p><strong>Returns and exchanges<\/strong><\/p>\n\n\n\n<p><strong>Shopping in the Online Shop<\/strong><\/p>\n\n\n\n<p>In accordance with Decree-Law no. 24\/2014, the customer has a legal period of 14 days to return a product purchased online and sent by courier;<\/p>\n\n\n\n<p>Acceptance of the return is subject to the following conditions:<\/p>\n\n\n\n<p>- Maximum 14 days after receipt of purchase;<\/p>\n\n\n\n<p>- Product returned in its new and unused condition, in original box with all accessories included and their serial number and manufacturer's stamp;<\/p>\n\n\n\n<p>Para exercer o seu direito de devolu\u00e7\u00e3o, o cliente dever\u00e1 solicitar por email geral@gtdcartparts.com, especificar o n\u00famero da encomenda, a descri\u00e7\u00e3o ou a refer\u00eancia do(s) produto(s) que pretende devolver e o motivo da devolu\u00e7\u00e3o.<\/p>\n\n\n\n<p>The customer should also bear in mind whether the product they wish to return was purchased as part of a promotional campaign and whether they therefore received a gift product. If this is the case, you must return not only the product in question, but also the offer you received with your purchase. Both products must comply with the aforementioned guidelines.<\/p>\n\n\n\n<p>The item(s) should be sent to the following address:<\/p>\n\n\n\n<p>NBX - ECOMMERCE, LDA<\/p>\n\n\n\n<p>Attention: Bruno Silva<\/p>\n\n\n\n<p>Rua dos Moinhos n\u00ba 525, 4755-604 Gamil - Barcelos<\/p>\n\n\n\n<p>The product must be sent, properly packaged, without damaging the original box, according to the instructions received by email.<\/p>\n\n\n\n<p>The return of incomplete or damaged products, as well as products without packaging or products showing signs of having been used,&nbsp;<strong>will not be accepted.<\/strong><\/p>\n\n\n\n<p>If any item is received under the above conditions, the customer will lose the right to a refund and will have 10 days to collect the item(s) from the premises indicated above, bearing the cost of collection.<\/p>\n\n\n\n<p><strong>Warehouse collection<\/strong><\/p>\n\n\n\n<p>For purchases made directly from the warehouse (NBX-ECOMMERCE, LDA - Barcelos), unlike distance purchases, Portuguese law does not require the selling company (NBX-ECOMMERCE, LDA) to accept the cancellation of the contract (return) if the item is in conformity.<\/p>\n\n\n\n<p>In these cases, although Portuguese law does not require the selling company to accept the return of the material purchased by the consumer, NBX-ECOMMERCE, LDA, as a courtesy to its customers, may, after analysis, accept such a return within the first 14 days after purchase, but the refund can only be made via a credit note.<\/p>\n\n\n\n<p>This credit note can be partially or fully discounted on new purchases from the GTD Car Parts Store, either in our Online Store (at www.gtdcarparts.com) or in the physical warehouse in Gamil - Barcelos, after it has been assigned to the respective customer account.<\/p>\n\n\n\n<p>The credit note is valid for 1 year.<\/p>\n\n\n\n<p>If the customer prefers to pick up from the warehouse, payment must be made by bank transfer. <strong>in advance<\/strong>and picked up after confirmation by GTD Car Parts via email.<\/p>\n\n\n\n<p><strong>Important:<\/strong>&nbsp;The collection of orders in the physical shop, resulting from bookings or purchases previously made through the Online Store, telephone or email, will be subject to the legislation governing purchases made directly in the physical shop, and will not therefore be determined as a purchase made remotely (Online Store).<\/p>\n\n\n\n<p><strong>Exchanges<\/strong><\/p>\n\n\n\n<p>The customer must return the item(s), request a refund and make a new purchase. The entire returns process is described in the \"Returns\" section.<\/p>\n\n\n\n<p><strong>Refund methods<\/strong><\/p>\n\n\n\n<p><strong>&nbsp;<\/strong>GTD Car Parts will endeavour to reimburse the customer as quickly as possible, while guaranteeing a maximum period of 15 days from receipt of the return at the warehouse indicated above.<\/p>\n\n\n\n<p>The refund will be made in the same way as the customer made it, in this case by bank transfer.<\/p>\n\n\n\n<p><strong>Return costs<\/strong><\/p>\n\n\n\n<p>If GTD Car Parts is notified and it is confirmed that there has been an error in the product(s) dispatched or that the product(s) have been dispatched with a defect, GTD Car Parts will bear the cost of the return by collecting the product(s) in question from the delivery address. To this end, a GTD Car Parts employee will contact the customer to arrange collection and provide any further clarification on this matter.<\/p>\n\n\n\n<p>If the situations described above do not apply, and the customer has mistakenly ordered the product or simply no longer wants it, the costs of returning the product will be borne by the customer. <strong>will be borne by the customer.<\/strong><\/p>\n\n\n\n<p>Devido a eventuais altera\u00e7\u00f5es dos fornecedores ou fabricantes dos produtos, as imagens dos produtos&nbsp;podem n\u00e3o corresponder exatamente \u00e0 do produto real, contudo o produto enviado mant\u00e9m&nbsp;as caracter\u00edsticas do mesmo.<\/p>\n\n\n\n<p>All changes and\/or modifications to the original characteristics of the customer's vehicle are the customer's responsibility.<\/p>\n\n\n\n<p>Prices and other conditions shown on this site are subject to change <strong>without prior notice.<\/strong><\/p>\n\n\n\n<p><strong>Online Complaints Book<\/strong>&nbsp;-&nbsp;<a href=\"https:\/\/www.livroreclamacoes.pt\/inicio\">https:\/\/www.livroreclamacoes.pt\/inicio<\/a><\/p>","protected":false},"excerpt":{"rendered":"<p>Sobre o envio e pagamento Todos os artigos dispostos pela nossa loja online est\u00e3o sujeitos \u00e0s condi\u00e7\u00f5es regulamentadas e todos os que compram pelo nosso site, automaticamente \u00e9 assumido que det\u00e9m conhecimento das mesmas e aceita todas estas condi\u00e7\u00f5es.&nbsp; O pre\u00e7o apresentado dos produtos na nossa loja online n\u00e3o tem o valor do IVA inclu\u00eddo. [&hellip;]<\/p>","protected":false},"author":2,"featured_media":0,"parent":0,"menu_order":0,"comment_status":"closed","ping_status":"closed","template":"","meta":{"_acf_changed":false,"footnotes":""},"class_list":["post-22","page","type-page","status-publish","hentry"],"acf":[],"_links":{"self":[{"href":"https:\/\/gtdcarparts.com\/en\/wp-json\/wp\/v2\/pages\/22","targetHints":{"allow":["GET"]}}],"collection":[{"href":"https:\/\/gtdcarparts.com\/en\/wp-json\/wp\/v2\/pages"}],"about":[{"href":"https:\/\/gtdcarparts.com\/en\/wp-json\/wp\/v2\/types\/page"}],"author":[{"embeddable":true,"href":"https:\/\/gtdcarparts.com\/en\/wp-json\/wp\/v2\/users\/2"}],"replies":[{"embeddable":true,"href":"https:\/\/gtdcarparts.com\/en\/wp-json\/wp\/v2\/comments?post=22"}],"version-history":[{"count":1,"href":"https:\/\/gtdcarparts.com\/en\/wp-json\/wp\/v2\/pages\/22\/revisions"}],"predecessor-version":[{"id":13882,"href":"https:\/\/gtdcarparts.com\/en\/wp-json\/wp\/v2\/pages\/22\/revisions\/13882"}],"wp:attachment":[{"href":"https:\/\/gtdcarparts.com\/en\/wp-json\/wp\/v2\/media?parent=22"}],"curies":[{"name":"wp","href":"https:\/\/api.w.org\/{rel}","templated":true}]}}