{"id":9821,"date":"2023-08-26T02:13:47","date_gmt":"2023-08-26T01:13:47","guid":{"rendered":"https:\/\/gtdcarparts.com\/?page_id=9821"},"modified":"2024-05-27T16:24:41","modified_gmt":"2024-05-27T15:24:41","slug":"sobre-nos","status":"publish","type":"page","link":"https:\/\/gtdcarparts.com\/de\/sobre-nos\/","title":{"rendered":"Sobre N\u00f3s"},"content":{"rendered":"<div data-elementor-type=\"wp-page\" data-elementor-id=\"9821\" class=\"elementor elementor-9821\" data-elementor-post-type=\"page\">\n\t\t\t\t<div data-dce-background-image-url=\"https:\/\/gtdcarparts.com\/wp-content\/uploads\/2023\/10\/BANNER-INICIAL_gtd.jpg?v=1715873896\" class=\"elementor-element elementor-element-1e58141 e-flex e-con-boxed e-con e-parent\" data-id=\"1e58141\" data-element_type=\"container\" data-settings=\"{&quot;background_background&quot;:&quot;classic&quot;,&quot;container_type&quot;:&quot;flex&quot;,&quot;content_width&quot;:&quot;boxed&quot;}\" data-core-v316-plus=\"true\">\n\t\t\t\t\t<div class=\"e-con-inner\">\n\t\t\t\t<div class=\"elementor-element elementor-element-8aff6b0 elementor-widget elementor-widget-heading\" data-id=\"8aff6b0\" data-element_type=\"widget\" data-widget_type=\"heading.default\">\n\t\t\t\t<div class=\"elementor-widget-container\">\n\t\t\t<h1 class=\"elementor-heading-title elementor-size-default\">Sobre N\u00f3s<\/h1>\t\t<\/div>\n\t\t\t\t<\/div>\n\t\t\t\t\t<\/div>\n\t\t\t\t<\/div>\n\t\t<div class=\"elementor-element elementor-element-3d57d3a2 e-flex e-con-boxed e-con e-parent\" data-id=\"3d57d3a2\" data-element_type=\"container\" data-settings=\"{&quot;container_type&quot;:&quot;flex&quot;,&quot;content_width&quot;:&quot;boxed&quot;}\" data-core-v316-plus=\"true\">\n\t\t\t\t\t<div class=\"e-con-inner\">\n\t\t\t\t<div class=\"elementor-element elementor-element-15a481ad elementor-widget elementor-widget-text-editor\" data-id=\"15a481ad\" data-element_type=\"widget\" data-widget_type=\"text-editor.default\">\n\t\t\t\t<div class=\"elementor-widget-container\">\n\t\t\t\t\t\t\t<!-- wp:paragraph -->\n<p>Bem-vindo \u00e0 GTD Car Parts &#8211; A sua Fonte Confian\u00e7a para Pe\u00e7as Aftermarket de Interiores de Autom\u00f3veis<\/p>\n<!-- \/wp:paragraph -->\n\n<!-- wp:paragraph -->\n<p>Na GTD Car Parts, estamos dedicados a fornecer solu\u00e7\u00f5es de alta qualidade e confi\u00e1veis para os profissionais da ind\u00fastria autom\u00f3vel que procuram pe\u00e7as aftermarket para interiores de autom\u00f3veis. Com uma paix\u00e3o pelo setor e um compromisso inabal\u00e1vel com a excel\u00eancia, a nossa empresa tem se destacado como um parceiro de confian\u00e7a no mercado de com\u00e9rcio por grosso.<\/p>\n<!-- \/wp:paragraph -->\n\n<!-- wp:paragraph -->\n<p><strong>A Nossa Miss\u00e3o<\/strong><\/p>\n<!-- \/wp:paragraph -->\n\n<!-- wp:paragraph -->\n<p>A nossa miss\u00e3o \u00e9 impulsionar o sucesso dos nossos clientes, oferecendo um cat\u00e1logo abrangente de pe\u00e7as aftermarket de interiores de autom\u00f3veis, combinado com um atendimento ao cliente excepcional. Nosso objetivo \u00e9 simplificar o processo de aquisi\u00e7\u00e3o de pe\u00e7as, fornecendo produtos de alta qualidade a pre\u00e7os competitivos, para que os nossos clientes possam prosperar nos seus neg\u00f3cios.<\/p>\n<!-- \/wp:paragraph -->\n\n<!-- wp:paragraph -->\n<p><strong>O Que Nos Define<\/strong><\/p>\n<!-- \/wp:paragraph -->\n\n<!-- wp:list {\"ordered\":true,\"type\":\"1\"} -->\n<ol type=\"1\"><!-- wp:list-item -->\n<li><strong>Qualidade Intransigente:<\/strong> Comprometemo-nos com os mais altos padr\u00f5es de qualidade em todas as nossas pe\u00e7as. Cada produto no nosso cat\u00e1logo \u00e9 cuidadosamente selecionado para garantir durabilidade e desempenho.<\/li>\n<!-- \/wp:list-item -->\n\n<!-- wp:list-item -->\n<li><strong>Variedade Abrangente:<\/strong> Oferecemos uma ampla variedade de pe\u00e7as aftermarket para interiores de autom\u00f3veis, atendendo a uma gama diversificada de marcas e modelos.<\/li>\n<!-- \/wp:list-item --><\/ol>\n<!-- \/wp:list -->\n\n<!-- wp:list -->\n<ul><!-- wp:list-item -->\n<li><strong>Atendimento ao Cliente Excepcional:<\/strong> a nossa equipa est\u00e1 pronta para atender \u00e0s suas perguntas, fornecer assist\u00eancia t\u00e9cnica e garantir que sua experi\u00eancia de compra seja perfeita.<\/li>\n<!-- \/wp:list-item -->\n\n<!-- wp:list-item -->\n<li><strong>Parceria de Longo Prazo:<\/strong> Valorizamos nossos clientes e procuramos<\/li>\n<!-- \/wp:list-item --><\/ul>\n<!-- \/wp:list -->\n\n<!-- wp:paragraph -->\n<p>construir rela\u00e7\u00f5es de longo prazo baseadas na confian\u00e7a e na colabora\u00e7\u00e3o. O seu sucesso \u00e9 o nosso sucesso.<\/p>\n<!-- \/wp:paragraph -->\n\n<!-- wp:paragraph -->\n<p>Explore o nosso cat\u00e1logo e descubra como a GTD Car Parts pode elevar a qualidade e o desempenho dos interiores de autom\u00f3veis que voc\u00ea atende. Estamos ansiosos para ser o seu parceiro nesta jornada.<\/p>\n<!-- \/wp:paragraph -->\t\t\t\t\t\t<\/div>\n\t\t\t\t<\/div>\n\t\t\t\t\t<\/div>\n\t\t\t\t<\/div>\n\t\t\t\t<\/div>","protected":false},"excerpt":{"rendered":"<p>Sobre N\u00f3s Bem-vindo \u00e0 GTD Car Parts &#8211; A sua Fonte Confian\u00e7a para Pe\u00e7as Aftermarket de Interiores de Autom\u00f3veis Na GTD Car Parts, estamos dedicados a fornecer solu\u00e7\u00f5es de alta qualidade e confi\u00e1veis para os profissionais da ind\u00fastria autom\u00f3vel que procuram pe\u00e7as aftermarket para interiores de autom\u00f3veis. Com uma paix\u00e3o pelo setor e um compromisso [&hellip;]<\/p>","protected":false},"author":2,"featured_media":0,"parent":0,"menu_order":0,"comment_status":"closed","ping_status":"closed","template":"","meta":{"_acf_changed":false,"footnotes":""},"class_list":["post-9821","page","type-page","status-publish","hentry"],"acf":[],"_links":{"self":[{"href":"https:\/\/gtdcarparts.com\/de\/wp-json\/wp\/v2\/pages\/9821","targetHints":{"allow":["GET"]}}],"collection":[{"href":"https:\/\/gtdcarparts.com\/de\/wp-json\/wp\/v2\/pages"}],"about":[{"href":"https:\/\/gtdcarparts.com\/de\/wp-json\/wp\/v2\/types\/page"}],"author":[{"embeddable":true,"href":"https:\/\/gtdcarparts.com\/de\/wp-json\/wp\/v2\/users\/2"}],"replies":[{"embeddable":true,"href":"https:\/\/gtdcarparts.com\/de\/wp-json\/wp\/v2\/comments?post=9821"}],"version-history":[{"count":8,"href":"https:\/\/gtdcarparts.com\/de\/wp-json\/wp\/v2\/pages\/9821\/revisions"}],"predecessor-version":[{"id":21258,"href":"https:\/\/gtdcarparts.com\/de\/wp-json\/wp\/v2\/pages\/9821\/revisions\/21258"}],"wp:attachment":[{"href":"https:\/\/gtdcarparts.com\/de\/wp-json\/wp\/v2\/media?parent=9821"}],"curies":[{"name":"wp","href":"https:\/\/api.w.org\/{rel}","templated":true}]}}