{"id":9757,"date":"2023-08-26T00:38:17","date_gmt":"2023-08-25T23:38:17","guid":{"rendered":"https:\/\/gtdcarparts.com\/?page_id=9757"},"modified":"2025-01-06T21:22:31","modified_gmt":"2025-01-06T21:22:31","slug":"homepage","status":"publish","type":"page","link":"https:\/\/gtdcarparts.com\/de\/","title":{"rendered":"Homepage"},"content":{"rendered":"<div data-elementor-type=\"wp-page\" data-elementor-id=\"9757\" class=\"elementor elementor-9757\" data-elementor-post-type=\"page\">\n\t\t\t\t<div class=\"elementor-element elementor-element-c298167 e-con-full e-flex e-con e-parent\" data-id=\"c298167\" data-element_type=\"container\" data-settings=\"{&quot;content_width&quot;:&quot;full&quot;,&quot;container_type&quot;:&quot;flex&quot;}\" data-core-v316-plus=\"true\">\n\t\t\t\t<div class=\"elementor-element elementor-element-dbc4478 elementor-widget elementor-widget-image\" data-id=\"dbc4478\" data-element_type=\"widget\" data-widget_type=\"image.default\">\n\t\t\t\t<div class=\"elementor-widget-container\">\n\t\t\t\t\t\t\t\t\t\t\t\t\t\t<a href=\"https:\/\/gtdcarparts.com\/de\/loja\/\">\n\t\t\t\t\t\t\t<img fetchpriority=\"high\" decoding=\"async\" width=\"2560\" height=\"1049\" src=\"https:\/\/gtdcarparts.com\/wp-content\/uploads\/2023\/10\/BANNER-INICIAL_gtd.jpg?v=1715873896\" class=\"attachment-full size-full wp-image-13971\" alt=\"\" srcset=\"https:\/\/gtdcarparts.com\/wp-content\/uploads\/2023\/10\/BANNER-INICIAL_gtd.jpg?v=1715873896 2560w, https:\/\/gtdcarparts.com\/wp-content\/uploads\/2023\/10\/BANNER-INICIAL_gtd-300x123.jpg?v=1715873896 300w, https:\/\/gtdcarparts.com\/wp-content\/uploads\/2023\/10\/BANNER-INICIAL_gtd-1024x420.jpg?v=1715873896 1024w, https:\/\/gtdcarparts.com\/wp-content\/uploads\/2023\/10\/BANNER-INICIAL_gtd-768x315.jpg?v=1715873896 768w, https:\/\/gtdcarparts.com\/wp-content\/uploads\/2023\/10\/BANNER-INICIAL_gtd-1536x629.jpg?v=1715873896 1536w, https:\/\/gtdcarparts.com\/wp-content\/uploads\/2023\/10\/BANNER-INICIAL_gtd-2048x839.jpg?v=1715873896 2048w, https:\/\/gtdcarparts.com\/wp-content\/uploads\/2023\/10\/BANNER-INICIAL_gtd-18x7.jpg?v=1715873896 18w, https:\/\/gtdcarparts.com\/wp-content\/uploads\/2023\/10\/BANNER-INICIAL_gtd-600x246.jpg?v=1715873896 600w\" sizes=\"(max-width: 2560px) 100vw, 2560px\" \/>\t\t\t\t\t\t\t\t<\/a>\n\t\t\t\t\t\t\t\t\t\t\t\t\t<\/div>\n\t\t\t\t<\/div>\n\t\t\t\t<\/div>\n\t\t<div class=\"elementor-element elementor-element-efb313e e-flex e-con-boxed e-con e-parent\" data-id=\"efb313e\" data-element_type=\"container\" data-settings=\"{&quot;container_type&quot;:&quot;flex&quot;,&quot;content_width&quot;:&quot;boxed&quot;}\" data-core-v316-plus=\"true\">\n\t\t\t\t\t<div class=\"e-con-inner\">\n\t\t<div class=\"elementor-element elementor-element-b37be68 e-flex e-con-boxed e-con e-child\" data-id=\"b37be68\" data-element_type=\"container\" data-settings=\"{&quot;container_type&quot;:&quot;flex&quot;,&quot;content_width&quot;:&quot;boxed&quot;}\">\n\t\t\t\t\t<div class=\"e-con-inner\">\n\t\t\t\t\t<\/div>\n\t\t\t\t<\/div>\n\t\t\t\t<div class=\"elementor-element elementor-element-eb792a6 elementor-widget elementor-widget-image\" data-id=\"eb792a6\" data-element_type=\"widget\" data-widget_type=\"image.default\">\n\t\t\t\t<div class=\"elementor-widget-container\">\n\t\t\t\t\t\t\t\t\t\t\t\t\t<img decoding=\"async\" width=\"2048\" height=\"839\" src=\"https:\/\/gtdcarparts.com\/wp-content\/uploads\/2025\/01\/banner.webp\" class=\"attachment-full size-full wp-image-23344\" alt=\"\" srcset=\"https:\/\/gtdcarparts.com\/wp-content\/uploads\/2025\/01\/banner.webp 2048w, https:\/\/gtdcarparts.com\/wp-content\/uploads\/2025\/01\/banner-300x123.webp 300w, https:\/\/gtdcarparts.com\/wp-content\/uploads\/2025\/01\/banner-1024x420.webp 1024w, https:\/\/gtdcarparts.com\/wp-content\/uploads\/2025\/01\/banner-768x315.webp 768w, https:\/\/gtdcarparts.com\/wp-content\/uploads\/2025\/01\/banner-1536x629.webp 1536w, https:\/\/gtdcarparts.com\/wp-content\/uploads\/2025\/01\/banner-18x7.webp 18w, https:\/\/gtdcarparts.com\/wp-content\/uploads\/2025\/01\/banner-600x246.webp 600w\" sizes=\"(max-width: 2048px) 100vw, 2048px\" \/>\t\t\t\t\t\t\t\t\t\t\t\t\t<\/div>\n\t\t\t\t<\/div>\n\t\t\t\t<div class=\"elementor-element elementor-element-42e64fd elementor-widget elementor-widget-image\" data-id=\"42e64fd\" data-element_type=\"widget\" data-widget_type=\"image.default\">\n\t\t\t\t<div class=\"elementor-widget-container\">\n\t\t\t\t\t\t\t\t\t\t\t\t\t\t<a href=\"https:\/\/gtdcarparts.com\/de\/pedido-de-registo\/\">\n\t\t\t\t\t\t\t<img decoding=\"async\" width=\"1954\" height=\"388\" src=\"https:\/\/gtdcarparts.com\/wp-content\/uploads\/2023\/10\/BANNER-INICIAL_b2b-e1697473956357.jpg?v=1715873864\" class=\"attachment-full size-full wp-image-13894\" alt=\"\" srcset=\"https:\/\/gtdcarparts.com\/wp-content\/uploads\/2023\/10\/BANNER-INICIAL_b2b-e1697473956357.jpg?v=1715873864 1954w, https:\/\/gtdcarparts.com\/wp-content\/uploads\/2023\/10\/BANNER-INICIAL_b2b-e1697473956357-300x60.jpg?v=1715873864 300w, https:\/\/gtdcarparts.com\/wp-content\/uploads\/2023\/10\/BANNER-INICIAL_b2b-e1697473956357-1024x203.jpg?v=1715873864 1024w, https:\/\/gtdcarparts.com\/wp-content\/uploads\/2023\/10\/BANNER-INICIAL_b2b-e1697473956357-768x152.jpg?v=1715873864 768w, https:\/\/gtdcarparts.com\/wp-content\/uploads\/2023\/10\/BANNER-INICIAL_b2b-e1697473956357-1536x305.jpg?v=1715873864 1536w, https:\/\/gtdcarparts.com\/wp-content\/uploads\/2023\/10\/BANNER-INICIAL_b2b-e1697473956357-18x4.jpg?v=1715873864 18w, https:\/\/gtdcarparts.com\/wp-content\/uploads\/2023\/10\/BANNER-INICIAL_b2b-e1697473956357-600x119.jpg?v=1715873864 600w\" sizes=\"(max-width: 1954px) 100vw, 1954px\" \/>\t\t\t\t\t\t\t\t<\/a>\n\t\t\t\t\t\t\t\t\t\t\t\t\t<\/div>\n\t\t\t\t<\/div>\n\t\t\t\t\t<\/div>\n\t\t\t\t<\/div>\n\t\t<div data-dce-background-color=\"#00000003\" class=\"elementor-element elementor-element-e1e36b7 e-flex e-con-boxed e-con e-parent\" data-id=\"e1e36b7\" data-element_type=\"container\" data-settings=\"{&quot;background_background&quot;:&quot;classic&quot;,&quot;container_type&quot;:&quot;flex&quot;,&quot;content_width&quot;:&quot;boxed&quot;}\" data-core-v316-plus=\"true\">\n\t\t\t\t\t<div class=\"e-con-inner\">\n\t\t<div class=\"elementor-element elementor-element-a708a41 e-con-full e-flex e-con e-child\" data-id=\"a708a41\" data-element_type=\"container\" data-settings=\"{&quot;content_width&quot;:&quot;full&quot;,&quot;container_type&quot;:&quot;flex&quot;}\">\n\t\t\t\t<div class=\"elementor-element elementor-element-7dd520b elementor-widget elementor-widget-image\" data-id=\"7dd520b\" data-element_type=\"widget\" data-widget_type=\"image.default\">\n\t\t\t\t<div class=\"elementor-widget-container\">\n\t\t\t\t\t\t\t\t\t\t\t\t\t<img loading=\"lazy\" decoding=\"async\" width=\"473\" height=\"528\" src=\"https:\/\/gtdcarparts.com\/wp-content\/uploads\/2023\/10\/banner_quality_copy-removebg-preview.png?v=1715873893\" class=\"attachment-large size-large wp-image-13947\" alt=\"\" srcset=\"https:\/\/gtdcarparts.com\/wp-content\/uploads\/2023\/10\/banner_quality_copy-removebg-preview.png?v=1715873893 473w, https:\/\/gtdcarparts.com\/wp-content\/uploads\/2023\/10\/banner_quality_copy-removebg-preview-269x300.png?v=1715873893 269w, https:\/\/gtdcarparts.com\/wp-content\/uploads\/2023\/10\/banner_quality_copy-removebg-preview-11x12.png?v=1715873893 11w\" sizes=\"(max-width: 473px) 100vw, 473px\" \/>\t\t\t\t\t\t\t\t\t\t\t\t\t<\/div>\n\t\t\t\t<\/div>\n\t\t\t\t<\/div>\n\t\t<div class=\"elementor-element elementor-element-923be40 e-con-full e-flex e-con e-child\" data-id=\"923be40\" data-element_type=\"container\" data-settings=\"{&quot;content_width&quot;:&quot;full&quot;,&quot;container_type&quot;:&quot;flex&quot;}\">\n\t\t\t\t<div class=\"elementor-element elementor-element-59c11fa elementor-widget elementor-widget-image\" data-id=\"59c11fa\" data-element_type=\"widget\" data-widget_type=\"image.default\">\n\t\t\t\t<div class=\"elementor-widget-container\">\n\t\t\t\t\t\t\t\t\t\t\t\t\t<img loading=\"lazy\" decoding=\"async\" width=\"473\" height=\"528\" src=\"https:\/\/gtdcarparts.com\/wp-content\/uploads\/2023\/10\/banner_2000_ref_copy-removebg-preview.png?v=1715873894\" class=\"attachment-large size-large wp-image-13946\" alt=\"\" srcset=\"https:\/\/gtdcarparts.com\/wp-content\/uploads\/2023\/10\/banner_2000_ref_copy-removebg-preview.png?v=1715873894 473w, https:\/\/gtdcarparts.com\/wp-content\/uploads\/2023\/10\/banner_2000_ref_copy-removebg-preview-269x300.png?v=1715873894 269w, https:\/\/gtdcarparts.com\/wp-content\/uploads\/2023\/10\/banner_2000_ref_copy-removebg-preview-11x12.png?v=1715873894 11w\" sizes=\"(max-width: 473px) 100vw, 473px\" \/>\t\t\t\t\t\t\t\t\t\t\t\t\t<\/div>\n\t\t\t\t<\/div>\n\t\t\t\t<\/div>\n\t\t<div class=\"elementor-element elementor-element-35645c5 e-con-full e-flex e-con e-child\" data-id=\"35645c5\" data-element_type=\"container\" data-settings=\"{&quot;content_width&quot;:&quot;full&quot;,&quot;container_type&quot;:&quot;flex&quot;}\">\n\t\t\t\t<div class=\"elementor-element elementor-element-46442c6 elementor-widget elementor-widget-image\" data-id=\"46442c6\" data-element_type=\"widget\" data-widget_type=\"image.default\">\n\t\t\t\t<div class=\"elementor-widget-container\">\n\t\t\t\t\t\t\t\t\t\t\t\t\t<img loading=\"lazy\" decoding=\"async\" width=\"473\" height=\"528\" src=\"https:\/\/gtdcarparts.com\/wp-content\/uploads\/2023\/10\/banner_world_wide_copy-removebg-preview.png?v=1715873895\" class=\"attachment-large size-large wp-image-13945\" alt=\"\" srcset=\"https:\/\/gtdcarparts.com\/wp-content\/uploads\/2023\/10\/banner_world_wide_copy-removebg-preview.png?v=1715873895 473w, https:\/\/gtdcarparts.com\/wp-content\/uploads\/2023\/10\/banner_world_wide_copy-removebg-preview-269x300.png?v=1715873895 269w, https:\/\/gtdcarparts.com\/wp-content\/uploads\/2023\/10\/banner_world_wide_copy-removebg-preview-11x12.png?v=1715873895 11w\" sizes=\"(max-width: 473px) 100vw, 473px\" \/>\t\t\t\t\t\t\t\t\t\t\t\t\t<\/div>\n\t\t\t\t<\/div>\n\t\t\t\t<\/div>\n\t\t\t\t\t<\/div>\n\t\t\t\t<\/div>\n\t\t<div class=\"elementor-element elementor-element-277c5cda elementor-hidden-desktop elementor-hidden-tablet elementor-hidden-mobile e-flex e-con-boxed e-con e-parent\" data-id=\"277c5cda\" data-element_type=\"container\" data-settings=\"{&quot;background_background&quot;:&quot;classic&quot;,&quot;container_type&quot;:&quot;flex&quot;,&quot;content_width&quot;:&quot;boxed&quot;}\" data-core-v316-plus=\"true\">\n\t\t\t\t\t<div class=\"e-con-inner\">\n\t\t\t\t<div class=\"elementor-element elementor-element-d7dd1a3 elementor-widget elementor-widget-heading\" data-id=\"d7dd1a3\" data-element_type=\"widget\" data-widget_type=\"heading.default\">\n\t\t\t\t<div class=\"elementor-widget-container\">\n\t\t\t<h1 class=\"elementor-heading-title elementor-size-default\">Onde Comprar?<\/h1>\t\t<\/div>\n\t\t\t\t<\/div>\n\t\t\t\t<div class=\"elementor-element elementor-element-12645029 elementor-widget elementor-widget-html\" data-id=\"12645029\" data-element_type=\"widget\" data-widget_type=\"html.default\">\n\t\t\t\t<div class=\"elementor-widget-container\">\n\t\t\t<!DOCTYPE html>\r\n<html lang=\"en\">\r\n<head>\r\n    <meta charset=\"UTF-8\">\r\n    <meta name=\"viewport\" content=\"width=device-width, initial-scale=1.0\">\r\n    <title>Distribuidores<\/title>\r\n    <style>\r\n        .button-container {\r\n            display: flex;\r\n            justify-content: space-between;\r\n            gap: 10px;\r\n            margin-top: 10px;\r\n        }\r\n\r\n        .button-container button {\r\n            flex: 1; \/* Faz com que os bot\u00f5es ocupem a mesma largura *\/\r\n            padding: 10px 15px;\r\n            font-size: 0.9em;\r\n            background-color: #f9f9f9;\r\n            color: #A11D19;\r\n            border-color: #A11D19;\r\n            border-radius: 12px;\r\n            cursor: pointer;\r\n        }\r\n\r\n        .button-container button:hover {\r\n            background-color: #A11D19;\r\n        }\r\n\r\n        .gallery-container {\r\n            display: grid;\r\n            grid-template-columns: repeat(auto-fit, minmax(200px, 1fr));\r\n            gap: 20px;\r\n            margin-top: : 20px;\r\n        }\r\n\r\n        .card:hover {\r\n            box-shadow: 0 4px 8px rgba(0, 0, 0, 0.2);\r\n        }\r\n\r\n        \/* Estilo para o \u00edcone e pa\u00eds na primeira linha *\/\r\n        .card .location {\r\n            display: flex;\r\n            align-items: center;\r\n            margin-bottom: 15px;\r\n        }\r\n\r\n        .card .location svg {\r\n            width: 16px;\r\n            height: 16px;\r\n            margin-right: 8px;\r\n            color: #A11D19;\r\n        }\r\n        \r\n        .card .contactosic svg {\r\n            width: 14px;\r\n            height: 14px;\r\n            color: #A11D19;\r\n        }\r\n\r\n        .card h5 {\r\n            margin: 0;\r\n            font-size: 1em;\r\n            color: #333;\r\n            color: #A11D19;\r\n        }\r\n\r\n        .card h3 {\r\n            font-size: 1.33em;\r\n            margin: 10px 0;\r\n            color: #333;\r\n        }\r\n\r\n        .card p {\r\n            font-size: 0.9em;\r\n            color: #777;\r\n        }\r\n        \r\n        .card .contactos{\r\n            font-size: 14px;\r\n            color: #777;\r\n        }\r\n\r\n        .card button {\r\n            background-color: #white;\r\n            color: #A11D19;\r\n            border-color:  #A11D19;\r\n            padding: 8px 20px;\r\n            font-size: 16px;\r\n            cursor: pointer;\r\n            border-radius: 12px;\r\n            transition: background-color 0.3s ease;\r\n            margin-top: 10px;\r\n        }\r\n\r\n        .card button:hover {\r\n            background-color: #A11D19;\r\n            color: #f9f9f9;\r\n        }\r\n        \r\n        .card button-container {\r\n            background-color: #A11D19;\r\n            color: #f9f9f9;\r\n        }\r\n        \r\n        .gallery-container {\r\n            display: flex;              \/* Ativa o flexbox *\/\r\n            flex-wrap: wrap;           \/* Permite que os cards quebrem para a pr\u00f3xima linha *\/\r\n            gap: 20px;                 \/* Espa\u00e7amento entre os cards *\/\r\n            margin-top: 20px;\r\n        }\r\n\r\n        .card {\r\n            flex: 1 1 49%;             \/* Cada card ocupa at\u00e9 50% da largura do cont\u00eainer *\/\r\n            max-width: 49%;            \/* Limita a largura m\u00e1xima a 50% *\/\r\n            background-color: #f9f9f9;\r\n            border: 1px solid #ddd;\r\n            border-radius: 8px;\r\n            padding: 20px;\r\n            text-align: left;\r\n            transition: box-shadow 0.3s ease;\r\n        }\r\n\r\n            \r\n        \r\n         \/* Responsividade para telas menores *\/\r\n        @media (max-width: 768px) {\r\n            .card {\r\n                flex: 1 1 100%;        \/* Em telas menores, o card ocupa 100% *\/\r\n                max-width: 100%;       \/* Remove a limita\u00e7\u00e3o de 50% em telas menores *\/\r\n            }\r\n\r\n    <\/style>\r\n<\/head>\r\n<body>\r\n\r\n    <div class=\"gallery-container\">\r\n        <!-- Card 1 -->\r\n        <div class=\"card\">\r\n            <div class=\"location\">\r\n                <svg xmlns=\"http:\/\/www.w3.org\/2000\/svg\" width=\"16\" height=\"16\" fill=\"currentColor\" class=\"bi bi-geo-alt-fill\" viewbox=\"0 0 16 16\">\r\n                    <path d=\"M8 16s6-5.686 6-10A6 6 0 0 0 2 6c0 4.314 6 10 6 10m0-7a3 3 0 1 1 0-6 3 3 0 0 1 0 6\"\/>\r\n                <\/svg>\r\n                <h5>Portugal<\/h5>\r\n            <\/div>\r\n            <h3>Bled<\/h3>\r\n            <p>A sua loja de Repara\u00e7\u00e3o e Cuidado Autom\u00f3vel<\/p>\r\n            <div class=\"contactosic\">\r\n                <svg xmlns=\"http:\/\/www.w3.org\/2000\/svg\" width=\"12px\" height=\"12px\" fill=\"currentColor\" class=\"bi bi-telephone-fill\" viewbox=\"0 0 16 16\">\r\n                    <path fill-rule=\"evenodd\" d=\"M1.885.511a1.745 1.745 0 0 1 2.61.163L6.29 2.98c.329.423.445.974.315 1.494l-.547 2.19a.68.68 0 0 0 .178.643l2.457 2.457a.68.68 0 0 0 .644.178l2.189-.547a1.75 1.75 0 0 1 1.494.315l2.306 1.794c.829.645.905 1.87.163 2.611l-1.034 1.034c-.74.74-1.846 1.065-2.877.702a18.6 18.6 0 0 1-7.01-4.42 18.6 18.6 0 0 1-4.42-7.009c-.362-1.03-.037-2.137.703-2.877z\"\/>\r\n                <\/svg>\r\n                <p class=\"contactos\">+351<\/p>\r\n            <\/div>\r\n            <div class=\"button-container\">\r\n                <button onclick=\"window.open('https:\/\/www.bled.pt', '_blank')\">Loja Online<\/button>\r\n                <button onclick=\"window.open('https:\/\/bled.pt\/contactos\/', '_blank')\">Contato<\/button>\r\n            <\/div>\r\n        <\/div>\r\n\r\n        <!-- Card 2 -->\r\n        <div class=\"card\">\r\n            <div class=\"location\">\r\n                <svg xmlns=\"http:\/\/www.w3.org\/2000\/svg\" width=\"16\" height=\"16\" fill=\"currentColor\" class=\"bi bi-geo-alt-fill\" viewbox=\"0 0 16 16\">\r\n                    <path d=\"M8 16s6-5.686 6-10A6 6 0 0 0 2 6c0 4.314 6 10 6 10m0-7a3 3 0 1 1 0-6 3 3 0 0 1 0 6\"\/>\r\n                <\/svg>\r\n                <h5>Sui\u00e7a<\/h5>\r\n            <\/div>\r\n            <h3>Bruno Car Care<\/h3>\r\n            <p>Esth\u00e9tique automobile\r\nvotre voiture m\u00e9rite\r\nla perfection<\/p>\r\n            <div class=\"button-container\">\r\n                <button onclick=\"window.open('https:\/\/https:\/\/www.brunocarcare.com\/produits', '_blank')\">Loja Online<\/button>\r\n                <button onclick=\"window.open('https:\/\/www.brunocarcare.com\/contactez-nous', '_blank')\">Conctatos<\/button>\r\n            <\/div>\r\n        <\/div>\r\n        \r\n\r\n        <!-- Adicione mais cards conforme necess\u00e1rio -->\r\n    <\/div>\r\n    \r\n    \r\n    \r\n\r\n<\/body>\r\n<\/html>\r\n\t\t<\/div>\n\t\t\t\t<\/div>\n\t\t\t\t\t<\/div>\n\t\t\t\t<\/div>\n\t\t<div class=\"elementor-element elementor-element-74a9253 e-flex e-con-boxed e-con e-parent\" data-id=\"74a9253\" data-element_type=\"container\" data-settings=\"{&quot;enabled_visibility&quot;:&quot;yes&quot;,&quot;container_type&quot;:&quot;flex&quot;,&quot;content_width&quot;:&quot;boxed&quot;,&quot;dce_visibility_selected&quot;:&quot;yes&quot;}\" data-core-v316-plus=\"true\">\n\t\t\t\t\t<div class=\"e-con-inner\">\n\t\t\t\t<div class=\"elementor-element elementor-element-cb75a85 elementor-widget elementor-widget-heading\" data-id=\"cb75a85\" data-element_type=\"widget\" data-widget_type=\"heading.default\">\n\t\t\t\t<div class=\"elementor-widget-container\">\n\t\t\t<h2 class=\"elementor-heading-title elementor-size-default\">ZUGANG ZUR B2B-PLATTFORM<\/h2>\t\t<\/div>\n\t\t\t\t<\/div>\n\t\t\t\t<div class=\"elementor-element elementor-element-8b70245 elementor-widget elementor-widget-text-editor\" data-id=\"8b70245\" data-element_type=\"widget\" data-widget_type=\"text-editor.default\">\n\t\t\t\t<div class=\"elementor-widget-container\">\n\t\t\t\t\t\t\t<p>Sehr geehrter Kunde, wir haben den B2B-Zugang nur f\u00fcr Fachleute aus dem Gro\u00df-, Einzel- und Lagerhandel in der Automobilbranche zug\u00e4nglich gemacht.<\/p><p>Sie m\u00fcssen den Zugang zu unserer Plattform \u00fcber das Registrierungsformular beantragen, indem Sie auf die folgende Schaltfl\u00e4che klicken<\/p>\t\t\t\t\t\t<\/div>\n\t\t\t\t<\/div>\n\t\t\t\t<div class=\"elementor-element elementor-element-ccdd3b9 elementor-align-center elementor-widget elementor-widget-button\" data-id=\"ccdd3b9\" data-element_type=\"widget\" data-widget_type=\"button.default\">\n\t\t\t\t<div class=\"elementor-widget-container\">\n\t\t\t\t\t<div class=\"elementor-button-wrapper\">\n\t\t\t<a class=\"elementor-button elementor-button-link elementor-size-sm\" href=\"https:\/\/gtdcarparts.com\/de\/pedido-de-registo\/\">\n\t\t\t\t\t\t<span class=\"elementor-button-content-wrapper\">\n\t\t\t\t\t\t<span class=\"elementor-button-icon elementor-align-icon-left\">\n\t\t\t\t<i aria-hidden=\"true\" class=\"far fa-address-card\"><\/i>\t\t\t<\/span>\n\t\t\t\t\t\t<span class=\"elementor-button-text\">B2B-ZUGANG BEANTRAGEN<\/span>\n\t\t<\/span>\n\t\t\t\t\t<\/a>\n\t\t<\/div>\n\t\t\t\t<\/div>\n\t\t\t\t<\/div>\n\t\t\t\t<div class=\"elementor-element elementor-element-58b9e9a elementor-widget elementor-widget-text-editor\" data-id=\"58b9e9a\" data-element_type=\"widget\" data-widget_type=\"text-editor.default\">\n\t\t\t\t<div class=\"elementor-widget-container\">\n\t\t\t\t\t\t\t<p>- Zusammen mit der Anmeldung, <strong>m\u00fcssen Sie einen T\u00e4tigkeitsnachweis beif\u00fcgen.<br \/><\/strong>- Wenn die erforderlichen Unterlagen nicht \u00fcbermittelt werden, kann GTD Car Parts den Zugang zur Plattform verweigern, da die Richtigkeit der Angaben nicht nachgewiesen werden kann.<br \/>- Das Wiederverkaufskonto wird innerhalb von maximal 48 Stunden nach Pr\u00fcfung und Best\u00e4tigung der oben genannten Unterlagen genehmigt.<br \/>- Nach der Genehmigung erhalten Sie in Ihrer Registrierungs-E-Mail eine Best\u00e4tigung des Zugangs zu unserer Plattform und die Zugangsbedingungen.<br \/>- Wenn Sie Fragen zur Anmeldung und zu den Dokumenten haben, wenden Sie sich bitte per E-Mail an uns: <a href=\"mailto:geral@gtdcarparts.com\">geral@gtdcarparts.com<\/a><\/p>\t\t\t\t\t\t<\/div>\n\t\t\t\t<\/div>\n\t\t\t\t\t<\/div>\n\t\t\t\t<\/div>\n\t\t\t\t<\/div>","protected":false},"excerpt":{"rendered":"<p>Onde Comprar? Distribuidores Portugal Bled A sua loja de Repara\u00e7\u00e3o e Cuidado Autom\u00f3vel +351 Loja Online Contato Sui\u00e7a Bruno Car Care Esth\u00e9tique automobile votre voiture m\u00e9rite la perfection Loja Online Conctatos ACESSO \u00c0 PLATAFORMA B2B Caro Cliente, disponibiliz\u00e1mos acesso B2B apenas para profissionais de com\u00e9rcio por grosso, a retalho ou armazenistas do setor autom\u00f3vel. Dever\u00e1 [&hellip;]<\/p>","protected":false},"author":2,"featured_media":0,"parent":0,"menu_order":0,"comment_status":"closed","ping_status":"closed","template":"","meta":{"_acf_changed":false,"footnotes":""},"class_list":["post-9757","page","type-page","status-publish","hentry"],"acf":[],"_links":{"self":[{"href":"https:\/\/gtdcarparts.com\/de\/wp-json\/wp\/v2\/pages\/9757","targetHints":{"allow":["GET"]}}],"collection":[{"href":"https:\/\/gtdcarparts.com\/de\/wp-json\/wp\/v2\/pages"}],"about":[{"href":"https:\/\/gtdcarparts.com\/de\/wp-json\/wp\/v2\/types\/page"}],"author":[{"embeddable":true,"href":"https:\/\/gtdcarparts.com\/de\/wp-json\/wp\/v2\/users\/2"}],"replies":[{"embeddable":true,"href":"https:\/\/gtdcarparts.com\/de\/wp-json\/wp\/v2\/comments?post=9757"}],"version-history":[{"count":117,"href":"https:\/\/gtdcarparts.com\/de\/wp-json\/wp\/v2\/pages\/9757\/revisions"}],"predecessor-version":[{"id":23347,"href":"https:\/\/gtdcarparts.com\/de\/wp-json\/wp\/v2\/pages\/9757\/revisions\/23347"}],"wp:attachment":[{"href":"https:\/\/gtdcarparts.com\/de\/wp-json\/wp\/v2\/media?parent=9757"}],"curies":[{"name":"wp","href":"https:\/\/api.w.org\/{rel}","templated":true}]}}